{"id":621,"date":"2020-02-29T20:50:51","date_gmt":"2020-02-29T20:50:51","guid":{"rendered":"https:\/\/www.partsturned.com\/about-us\/"},"modified":"2020-07-08T09:30:16","modified_gmt":"2020-07-08T09:30:16","slug":"hakkimizda","status":"publish","type":"page","link":"https:\/\/www.partsturned.com\/tr\/hakkimizda\/","title":{"rendered":"Hakk\u0131m\u0131zda"},"content":{"rendered":"<div class=\"wpb-content-wrapper\"><p>[vc_row css_animation=&#8221;&#8221; row_type=&#8221;row&#8221; use_row_as_full_screen_section=&#8221;no&#8221; type=&#8221;grid&#8221; angled_section=&#8221;no&#8221; text_align=&#8221;left&#8221; background_image_as_pattern=&#8221;without_pattern&#8221; z_index=&#8221;&#8221; css=&#8221;.vc_custom_1583011885892{padding-top: 62px !important;padding-bottom: 62px !important;}&#8221;][vc_column][vc_column_text css=&#8221;.vc_custom_1594200612524{padding-right: 12px !important;padding-left: 12px !important;}&#8221;]<\/p>\n<h4><strong><span style=\"color: #2e82ea;\">Hassas Yedek Par\u00e7a \u0130malat\u0131nda 1-10 Milyon Par\u00e7aya Kadar \u00dcretiyoruz.<\/span><\/strong><\/h4>\n<p>&nbsp;<\/p>\n<p>\u00d6z Makine Ltd. 2000 y\u0131l\u0131ndan bu yana 7 g\u00fcn 24 saat faaliyette olup, y\u0131l\u0131n 365 g\u00fcn\u00fc \u00fcretmektedir. M\u00fc\u015fterilerine esneklik ve h\u0131z kazand\u0131rmak i\u00e7in daima yat\u0131r\u0131m yapmaktad\u0131r.<\/p>\n<p>&nbsp;<\/p>\n<p>CNC\u2019li tezg\u00e2h imalat\u00e7\u0131l\u0131\u011f\u0131n \u00e7ok \u00e7e\u015fitli alanlar\u0131ndaki lider \u00fcreticisi olarak misyonumuz bireysel ihtiya\u00e7lara g\u00f6re m\u00fckemmel \u015fekilde tasarlanm\u0131\u015f \u00f6zel CNC torna ve CNC freze hizmeti sunarak m\u00fc\u015fterileri i\u00e7in maliyeti azalt\u0131p kar oran\u0131 artt\u0131racak \u00e7\u00f6z\u00fcmler \u00fcretmektir.<\/p>\n<p>&nbsp;<\/p>\n<p>\u015eirketimiz 2007 y\u0131l\u0131nda \u00d6z Makine Ltd. \u015eti. ad\u0131yla limited \u015firketi olmu\u015ftur. \u015eirketimiz 2000 y\u0131l\u0131nda CNC torna par\u00e7alar\u0131 ile ba\u015flad\u0131\u011f\u0131 \u00fcretimine 2008 y\u0131l\u0131nda CNC freze i\u015fini ilave ederek b\u00fcy\u00fcmeye devam etti.. Her y\u0131l giderek artan memnun m\u00fc\u015fterilerimiz sayesinde, ilaveten kaynakl\u0131 par\u00e7alar, CNC lazer kesimli par\u00e7alar\u0131 ve montaj par\u00e7alar\u0131 da yapmaya karar verdik.<\/p>\n<p>&nbsp;<\/p>\n<p>B\u00fct\u00fcn \u00e7al\u0131\u015fanlar\u0131m\u0131z yaln\u0131zca hassas par\u00e7alar\u0131 \u00fcretmek i\u00e7in \u00e7al\u0131\u015fmazlar, \u00d6z&#8217;de bizim gayretimiz m\u00fc\u015fteri memnuniyetidir.<\/p>\n<p>&nbsp;<\/p>\n<h4><span style=\"color: #2e82ea;\">Kalite ve \u00c7evre Politikam\u0131z<\/span><\/h4>\n<p>&#8220;M\u00fc\u015fteri memnuniyetini b\u00fct\u00fcn olgular\u0131n \u00f6n\u00fcnde tutan firmam\u0131z, geli\u015fimin ve y\u00fcksek kalitenin e\u011fitime ve insana yat\u0131r\u0131m odakl\u0131 oldu\u011funu d\u00fc\u015f\u00fcnerek y\u00fcksek kaliteli \u00fcr\u00fcnler \u00fcretmeyi hedeflemekte sekt\u00f6r\u00fcnde de\u011fi\u015fim, d\u00f6n\u00fc\u015f\u00fcm ve teknolojiyi takip edip, \u00fcr\u00fcn kalitesini y\u00fckseltme misyonunu ta\u015f\u0131maktad\u0131r. Ayn\u0131 zamanda gelecek nesillere daha iyi bir d\u00fcnya b\u0131rakman\u0131n bir g\u00f6rev oldu\u011fu anlay\u0131\u015f\u0131yla \u00e7evreye duyarl\u0131 prensibini geli\u015ftirmek, do\u011fay\u0131, insan\u0131 ve \u00e7evreyi korumay\u0131 \u00f6n planda tutmak yapt\u0131\u011f\u0131m\u0131z t\u00fcm faaliyetlerde i\u015f sa\u011fl\u0131\u011f\u0131 ve g\u00fcvenli\u011fi kurallar\u0131n\u0131 uygulayarak yasal mevzuatlara uymay\u0131 taahh\u00fct etmektedir.[\/vc_column_text][\/vc_column][\/vc_row][vc_row css_animation=&#8221;&#8221; row_type=&#8221;row&#8221; use_row_as_full_screen_section=&#8221;yes&#8221; type=&#8221;full_width&#8221; angled_section=&#8221;no&#8221; text_align=&#8221;left&#8221; background_image_as_pattern=&#8221;without_pattern&#8221; z_index=&#8221;&#8221;][vc_column css=&#8221;.vc_custom_1583448891546{padding-bottom: 32px !important;}&#8221;]<div class=\"qode-elliptical-slider\"><div class=\"qode-elliptical-slider-slides\" data-autoplay = no>\n<div class=\"qode-elliptical-slide\" style=\"background-image:url(https:\/\/www.partsturned.com\/wp-content\/uploads\/2020\/03\/iso-qualty-parts-turned.jpg)\">\n    <div class=\"qode-elliptical-slide-image-holder-wrapper\" style=\"background-color:#ffffff\">\n        <span class=\"qode-elliptical-slide-image-holder\">\n            <img decoding=\"async\" src=\"https:\/\/www.partsturned.com\/wp-content\/uploads\/2020\/03\/iso-qualty-parts-turned.jpg\" alt=\"qode-eliptic-slider\"\/>\n        <\/span>\n    <\/div>\n    <div class=\"qode-elliptical-slide-content-holder\" style=\"background: -webkit-linear-gradient(left, #ffffff 50%, transparent 50%);background: linear-gradient(90deg, #ffffff 50%, transparent 50%);\">\n        <div class=\"qode-elliptical-slide-content-holder-inner grid_section\">\n            <div class=\"qode-elliptical-slide-content-wrapper section_inner\">\n                <div class=\"qode-elliptical-slide-wrapper-inner\">\n\t\t\t\t\t<div class=\"qode-elliptical-slide-svg-holder\">\n\t\t\t\t\t\t<svg version=\"1.1\" id=\"Layer_1\" xmlns=\"http:\/\/www.w3.org\/2000\/svg\" xmlns:xlink=\"http:\/\/www.w3.org\/1999\/xlink\" x=\"0px\" y=\"0px\" width=\"92.296px\" height=\"485px\" viewBox=\"0 0 92.296 492\" enable-background=\"new 0 0 92.296 492\" preserveAspectRatio=\"none\">\n\t\t\t\t\t\t\t<path style=\"fill:#ffffff\" d=\"M91.621,0H0v492h92.296C47.988,426.806,21,340.351,21,245.5C21,151.133,47.716,65.078,91.621,0z\"\/>\n\t\t\t\t\t\t<\/svg>\n\t\t\t\t\t<\/div>\n                    <div class=\"qode-elliptical-slide-elements-holder\">\n\n\t\t\t\t\t\t[vc_column_text]<\/p>\n<h4><span style=\"color: #2e82ea;\">Kalite tesad\u00fcf de\u011fildir &#8230;<\/span><\/h4>\n<p>[\/vc_column_text][vc_empty_space][vc_column_text]Hedefimiz, en iyi \u00fcr\u00fcn\u00fc elde edebilmek i\u00e7in \u00fcretimin her a\u015famas\u0131nda m\u00fcmk\u00fcn olan en y\u00fcksek kaliteye ula\u015fmakt\u0131r. Kalite prosed\u00fcr ve y\u00f6ntemleri ile s\u00fcrekli ilerlemeyi hedefliyoruz.<\/p>\n<p>&nbsp;<\/p>\n<p>Uluslararas\u0131 olarak tan\u0131nan <strong>ISO<\/strong>\u2019ya kay\u0131tl\u0131 olmam\u0131z geli\u015fimimizi artt\u0131rma iste\u011fini durdurmuyor. <strong>T\u00fcrk Sanayi Kurulu<\/strong> ve <strong>TURKAK ISO 9001\/2008<\/strong>\u2019e kay\u0131tl\u0131 olan \u00d6z, her y\u0131l kaliteyi artt\u0131rmak i\u00e7in \u00e7al\u0131\u015f\u0131yor ve yenilik gerektiren noktalarda yat\u0131r\u0131mlar yap\u0131yor.<\/p>\n<p>&nbsp;<\/p>\n<p><strong>En nihai hedefimiz mutlak m\u00fc\u015fteri memnuniyetidir.<\/strong>[\/vc_column_text]                    <\/div>\n                <\/div>\n            <\/div>\n        <\/div>\n    <\/div>\n<\/div><\/div><\/div>[\/vc_column][\/vc_row][vc_row css_animation=&#8221;&#8221; row_type=&#8221;row&#8221; use_row_as_full_screen_section=&#8221;no&#8221; type=&#8221;grid&#8221; angled_section=&#8221;no&#8221; text_align=&#8221;left&#8221; background_image_as_pattern=&#8221;without_pattern&#8221; css=&#8221;.vc_custom_1583449120964{padding-top: 52px !important;padding-bottom: 42px !important;}&#8221; z_index=&#8221;&#8221;][vc_column][vc_row_inner row_type=&#8221;row&#8221; type=&#8221;full_width&#8221; text_align=&#8221;left&#8221; css_animation=&#8221;&#8221;][vc_column_inner css=&#8221;.vc_custom_1583448277235{padding-bottom: 28px !important;}&#8221;][vc_column_text]<\/p>\n<h4><span style=\"color: #2e82ea;\">Par\u00e7a Listesi<\/span><\/h4>\n<p>&nbsp;<\/p>\n<p>\u00c7ekirdek kapasitemiz CNC Torna \/ Torna par\u00e7alar\u0131d\u0131r, ayr\u0131ca m\u00fc\u015fterilerimize CNC Freze \/ Freze Par\u00e7alar\u0131, CNC Lazer kesim \/ CNC Lazer kesim par\u00e7alar\u0131, Kaynak \/ Kaynakl\u0131 Par\u00e7alar ve montaj hizmeti sunmaktay\u0131z.[\/vc_column_text][\/vc_column_inner][\/vc_row_inner][vc_row_inner row_type=&#8221;row&#8221; type=&#8221;full_width&#8221; text_align=&#8221;left&#8221; css_animation=&#8221;&#8221; css=&#8221;.vc_custom_1583448288320{padding-bottom: 38px !important;}&#8221;][vc_column_inner width=&#8221;1\/2&#8243;][vc_single_image image=&#8221;631&#8243; img_size=&#8221;600&#215;400&#8243; style=&#8221;vc_box_shadow&#8221; qode_css_animation=&#8221;&#8221; qode_hover_animation=&#8221;zoom_in&#8221;][\/vc_column_inner][vc_column_inner width=&#8221;1\/2&#8243;][vc_column_text css=&#8221;.vc_custom_1589895959993{padding-right: 32px !important;padding-left: 32px !important;}&#8221;]Bu, \u00e7ok \u00e7e\u015fitli malzemelerden komple ta\u015feron CNC Torna \/ Torna par\u00e7as\u0131 ve i\u015flenmi\u015f \u00e7elik par\u00e7a paketi sunmam\u0131z\u0131 sa\u011flar. \u015eirket, son birka\u00e7 y\u0131ld\u0131r CNC makinelerine 1,6 milyon \u20ac &#8216;dan fazla yat\u0131r\u0131m yapt\u0131. \u00d6z Makine LTD s\u00fcrekli yeni makinalara ve yeni teknolojilere yat\u0131r\u0131m yapmaktad\u0131r.<\/p>\n<p>&nbsp;<\/p>\n<p>Tala\u015fl\u0131 imalat at\u00f6lyemizde 10 &#8211; 100.000 pe, t\u00fcm lot b\u00fcy\u00fckl\u00fckleri i\u00e7in i\u015fleme kapasitemiz mevcuttur. \u0130\u015fleme tesisimiz Avrupa, Rusya, Orta Do\u011fu ve Afrika&#8217;daki t\u00fcm sekt\u00f6rlere hitap etmektedir.<\/p>\n<p>&nbsp;<\/p>\n<p>En son teknoloji makinelerimiz, \u00e7ok \u00e7e\u015fitli uzman par\u00e7alar \u00fcretmemizi sa\u011flayarak m\u00fc\u015fterilerimiz i\u00e7in t\u00fcm at\u00f6lyelerde bizi bir araya getirmektedir. \u00c7elik, Paslanmaz \u00e7elik, Al\u00fcminyum, Pirin\u00e7 ve daha bir\u00e7ok malzemede bir\u00e7ok end\u00fcstri i\u00e7in par\u00e7a \u00fcretiyoruz.[\/vc_column_text][\/vc_column_inner][\/vc_row_inner][\/vc_column][\/vc_row][vc_row css_animation=&#8221;&#8221; row_type=&#8221;row&#8221; use_row_as_full_screen_section=&#8221;no&#8221; type=&#8221;grid&#8221; angled_section=&#8221;no&#8221; text_align=&#8221;left&#8221; background_image_as_pattern=&#8221;without_pattern&#8221; z_index=&#8221;&#8221; css=&#8221;.vc_custom_1583447752704{padding-top: 15px !important;padding-bottom: 15px !important;}&#8221;][vc_column][vc_separator type=&#8221;normal&#8221; color=&#8221;#b5b5b5&#8243; thickness=&#8221;1&#8243;][vc_empty_space][vc_column_text]<\/p>\n<h4 style=\"text-align: center;\">Makine Parkurumuz<\/h4>\n<p>[\/vc_column_text][vc_empty_space][\/vc_column][vc_column width=&#8221;1\/3&#8243;]<div class='q_team info_description_below_image qode_team_disabled_hover'><div class='q_team_inner'><div class='q_team_image'><div class='q_team_image_holder'><img itemprop='image' src='https:\/\/www.partsturned.com\/wp-content\/uploads\/2020\/03\/plant-list-img7.jpg' alt='plant-list-img7' \/><\/div><div class='q_team_text' ><div class='q_team_text_inner'><div class='q_team_title_holder'><h3 class='q_team_name' style = ''><\/h3><\/div><div class='separator small center' style = ''><\/div><div class='q_team_description_below_image_wrapper'><div class='q_team_description'><div class='q_team_description_inner'><p>2X Ares Seiki CNC Milling 4 Axis<br \/>\n1500mmx700mmx700mm<\/p><\/div><\/div><\/div><\/div><\/div><div class='q_team_social_holder'><\/div><\/div><\/div><\/div>[\/vc_column][vc_column width=&#8221;1\/3&#8243;]<div class='q_team info_description_below_image qode_team_disabled_hover'><div class='q_team_inner'><div class='q_team_image'><div class='q_team_image_holder'><img itemprop='image' src='https:\/\/www.partsturned.com\/wp-content\/uploads\/2020\/03\/plant-list-img4.jpg' alt='plant-list-img4' \/><\/div><div class='q_team_text' ><div class='q_team_text_inner'><div class='q_team_title_holder'><h3 class='q_team_name' style = ''><\/h3><\/div><div class='separator small center' style = ''><\/div><div class='q_team_description_below_image_wrapper'><div class='q_team_description'><div class='q_team_description_inner'><p>2 X 3 Axis with Live tools<br \/>\nTurning Diameter 42mm<\/p><\/div><\/div><\/div><\/div><\/div><div class='q_team_social_holder'><\/div><\/div><\/div><\/div>[\/vc_column][vc_column width=&#8221;1\/3&#8243;]<div class='q_team info_description_below_image qode_team_disabled_hover'><div class='q_team_inner'><div class='q_team_image'><div class='q_team_image_holder'><img itemprop='image' src='https:\/\/www.partsturned.com\/wp-content\/uploads\/2020\/03\/plant-list-img3.jpg' alt='plant-list-img3' \/><\/div><div class='q_team_text' style=border-style:solid;'><div class='q_team_text_inner'><div class='q_team_title_holder'><h3 class='q_team_name' style = ''><\/h3><\/div><div class='separator small center' style = ''><\/div><div class='q_team_description_below_image_wrapper'><div class='q_team_description'><div class='q_team_description_inner'><p>1 X 3 Axis with Live Tools<br \/>\nTurning Diameter 250mm<\/p><\/div><\/div><\/div><\/div><\/div><div class='q_team_social_holder'><\/div><\/div><\/div><\/div>[\/vc_column][\/vc_row][vc_row css_animation=&#8221;&#8221; row_type=&#8221;row&#8221; use_row_as_full_screen_section=&#8221;no&#8221; type=&#8221;grid&#8221; angled_section=&#8221;no&#8221; text_align=&#8221;left&#8221; background_image_as_pattern=&#8221;without_pattern&#8221; z_index=&#8221;&#8221; css=&#8221;.vc_custom_1583446521237{padding-bottom: 15px !important;}&#8221;][vc_column width=&#8221;1\/3&#8243;]<div class='q_team info_description_below_image qode_team_disabled_hover'><div class='q_team_inner'><div class='q_team_image'><div class='q_team_image_holder'><img itemprop='image' src='https:\/\/www.partsturned.com\/wp-content\/uploads\/2020\/03\/plant-list-img1.jpg' alt='plant-list-img1' \/><\/div><div class='q_team_text' ><div class='q_team_text_inner'><div class='q_team_title_holder'><h3 class='q_team_name' style = ''><\/h3><\/div><div class='separator small center' style = ''><\/div><div class='q_team_description_below_image_wrapper'><div class='q_team_description'><div class='q_team_description_inner'><p>3 X Takisawa Nex 108<br \/>\n2 Axis CNC Lathe<br \/>\nTurning Diameter 250mm<\/p><\/div><\/div><\/div><\/div><\/div><div class='q_team_social_holder'><\/div><\/div><\/div><\/div>[\/vc_column][vc_column width=&#8221;1\/3&#8243;]<div class='q_team info_description_below_image qode_team_disabled_hover'><div class='q_team_inner'><div class='q_team_image'><div class='q_team_image_holder'><img itemprop='image' src='https:\/\/www.partsturned.com\/wp-content\/uploads\/2020\/03\/plant-list-img5.jpg' alt='plant-list-img5' \/><\/div><div class='q_team_text' ><div class='q_team_text_inner'><div class='q_team_title_holder'><h3 class='q_team_name' style = ''><\/h3><\/div><div class='separator small center' style = ''><\/div><div class='q_team_description_below_image_wrapper'><div class='q_team_description'><div class='q_team_description_inner'><p>1 X Nex 110 Takisawa<br \/>\n2 axis CNC Lathe<br \/>\nTurning Diameter 400mm<\/p><\/div><\/div><\/div><\/div><\/div><div class='q_team_social_holder'><\/div><\/div><\/div><\/div>[\/vc_column][vc_column width=&#8221;1\/3&#8243;]<div class='q_team info_description_below_image qode_team_disabled_hover'><div class='q_team_inner'><div class='q_team_image'><div class='q_team_image_holder'><img itemprop='image' src='https:\/\/www.partsturned.com\/wp-content\/uploads\/2020\/03\/plant-list-img6.jpg' alt='plant-list-img6' \/><\/div><div class='q_team_text' style=border-style:solid;'><div class='q_team_text_inner'><div class='q_team_title_holder'><h3 class='q_team_name' style = ''><\/h3><\/div><div class='separator small center' style = ''><\/div><div class='q_team_description_below_image_wrapper'><div class='q_team_description'><div class='q_team_description_inner'><p>3 X Takisawa Nex 108<br \/>\n2 Axis CNC Lathe<br \/>\nTurning Diameter 300mm<\/p><\/div><\/div><\/div><\/div><\/div><div class='q_team_social_holder'><\/div><\/div><\/div><\/div>[\/vc_column][\/vc_row][vc_row css_animation=&#8221;&#8221; row_type=&#8221;row&#8221; use_row_as_full_screen_section=&#8221;no&#8221; type=&#8221;grid&#8221; angled_section=&#8221;no&#8221; text_align=&#8221;left&#8221; background_image_as_pattern=&#8221;without_pattern&#8221; z_index=&#8221;&#8221; css=&#8221;.vc_custom_1583448434727{padding-bottom: 52px !important;}&#8221;][vc_column width=&#8221;1\/3&#8243;]<div class='q_team info_description_below_image qode_team_disabled_hover'><div class='q_team_inner'><div class='q_team_image'><div class='q_team_image_holder'><img itemprop='image' src='https:\/\/www.partsturned.com\/wp-content\/uploads\/2020\/03\/plant-list-img2.jpg' alt='plant-list-img2' \/><\/div><div class='q_team_text' ><div class='q_team_text_inner'><div class='q_team_title_holder'><h3 class='q_team_name' style = ''><\/h3><\/div><div class='separator small center' style = ''><\/div><div class='q_team_description_below_image_wrapper'><div class='q_team_description'><div class='q_team_description_inner'><p>1xTakisawa Nex 108 with bar Feeder<br \/>\n2 Axis CNC Lathe<br \/>\nTurning Diameter 42mm<\/p><\/div><\/div><\/div><\/div><\/div><div class='q_team_social_holder'><\/div><\/div><\/div><\/div>[\/vc_column][vc_column width=&#8221;1\/3&#8243;]<div class='q_team info_description_below_image qode_team_disabled_hover'><div class='q_team_inner'><div class='q_team_image'><div class='q_team_image_holder'><img itemprop='image' src='https:\/\/www.partsturned.com\/wp-content\/uploads\/2020\/03\/plant-list-img8.jpg' alt='plant-list-img8' \/><\/div><div class='q_team_text' ><div class='q_team_text_inner'><div class='q_team_title_holder'><h3 class='q_team_name' style = ''><\/h3><\/div><div class='separator small center' style = ''><\/div><div class='q_team_description_below_image_wrapper'><div class='q_team_description'><div class='q_team_description_inner'><p>2 X Trumatic CNC Lazer cutting L3050<br \/>\n1500 x 3000 working Lengths<br \/>\nCutting depth 20mm<\/p><\/div><\/div><\/div><\/div><\/div><div class='q_team_social_holder'><\/div><\/div><\/div><\/div>[\/vc_column][vc_column width=&#8221;1\/3&#8243;][\/vc_column][\/vc_row][vc_row css_animation=&#8221;&#8221; row_type=&#8221;row&#8221; use_row_as_full_screen_section=&#8221;no&#8221; type=&#8221;grid&#8221; angled_section=&#8221;no&#8221; text_align=&#8221;right&#8221; background_image_as_pattern=&#8221;without_pattern&#8221; css=&#8221;.vc_custom_1584529936277{padding-top: 37px !important;padding-bottom: 37px !important;background-color: #272b30 !important;}&#8221; z_index=&#8221;&#8221;][vc_column][qode_elements_holder number_of_columns=&#8221;two_columns&#8221; columns_proportion=&#8221;66_33&#8243; alignment_one_column=&#8221;center&#8221;][qode_elements_holder_item vertical_alignment=&#8221;middle&#8221; advanced_animations=&#8221;no&#8221; item_padding_600_768=&#8221;0 0 21px 0&#8243; item_padding_480_600=&#8221;0 0 21px 0&#8243; item_padding_480=&#8221;0 0 21px 0&#8243;][vc_column_text]<\/p>\n<h3 style=\"text-align: left;\"><span style=\"color: #ffffff;\">Hassas yedek par\u00e7a i\u015flerinde 10-1 milyon par\u00e7aya kadar uzman\u0131z.<\/span><\/h3>\n<p>[\/vc_column_text][\/qode_elements_holder_item][qode_elements_holder_item vertical_alignment=&#8221;middle&#8221; advanced_animations=&#8221;no&#8221;]\n\n\t<a href=\"https:\/\/www.partsturned.com\/tr\/hizmetler\/\" target=\"_self\" style=\"font-size: 13px\" class=\"qode-btn qode-btn-medium qode-btn-solid qode-btn-icon qodef-btn-icon-square qode-btn-icon-rotate\"  >\n\t    <span class=\"qode-btn-text\">Hizmetler<\/span><span class=\"qode-button-v2-icon-holder\" style=\"font-size: 21px\"><span aria-hidden=\"true\" class=\"qode_icon_font_elegant arrow_carrot-right_alt2 qode-button-v2-icon-holder-inner\" ><\/span><\/span>\t<\/a>\n\n[\/qode_elements_holder_item][\/qode_elements_holder][\/vc_column][\/vc_row]<\/p>\n<\/div>","protected":false},"excerpt":{"rendered":"<p>[vc_row css_animation=&#8221;&#8221; row_type=&#8221;row&#8221; use_row_as_full_screen_section=&#8221;no&#8221; type=&#8221;grid&#8221; angled_section=&#8221;no&#8221; text_align=&#8221;left&#8221; background_image_as_pattern=&#8221;without_pattern&#8221; z_index=&#8221;&#8221; css=&#8221;.vc_custom_1583011885892{padding-top: 62px !important;padding-bottom: 62px !important;}&#8221;][vc_column][vc_column_text css=&#8221;.vc_custom_1594200612524{padding-right: 12px !important;padding-left: 12px !important;}&#8221;] Hassas Yedek Par\u00e7a \u0130malat\u0131nda 1-10 Milyon Par\u00e7aya Kadar \u00dcretiyoruz. &nbsp; \u00d6z Makine Ltd. 2000 y\u0131l\u0131ndan bu yana 7 g\u00fcn 24 saat faaliyette olup, y\u0131l\u0131n 365 g\u00fcn\u00fc&#8230;<\/p>\n","protected":false},"author":2,"featured_media":0,"parent":0,"menu_order":0,"comment_status":"closed","ping_status":"closed","template":"full_width.php","meta":{"footnotes":""},"class_list":["post-621","page","type-page","status-publish","hentry"],"aioseo_notices":[],"_links":{"self":[{"href":"https:\/\/www.partsturned.com\/tr\/wp-json\/wp\/v2\/pages\/621","targetHints":{"allow":["GET"]}}],"collection":[{"href":"https:\/\/www.partsturned.com\/tr\/wp-json\/wp\/v2\/pages"}],"about":[{"href":"https:\/\/www.partsturned.com\/tr\/wp-json\/wp\/v2\/types\/page"}],"author":[{"embeddable":true,"href":"https:\/\/www.partsturned.com\/tr\/wp-json\/wp\/v2\/users\/2"}],"replies":[{"embeddable":true,"href":"https:\/\/www.partsturned.com\/tr\/wp-json\/wp\/v2\/comments?post=621"}],"version-history":[{"count":19,"href":"https:\/\/www.partsturned.com\/tr\/wp-json\/wp\/v2\/pages\/621\/revisions"}],"predecessor-version":[{"id":1030,"href":"https:\/\/www.partsturned.com\/tr\/wp-json\/wp\/v2\/pages\/621\/revisions\/1030"}],"wp:attachment":[{"href":"https:\/\/www.partsturned.com\/tr\/wp-json\/wp\/v2\/media?parent=621"}],"curies":[{"name":"wp","href":"https:\/\/api.w.org\/{rel}","templated":true}]}}