{"id":586,"date":"2020-02-29T21:50:27","date_gmt":"2020-02-29T21:50:27","guid":{"rendered":"https:\/\/www.partsturned.com\/our-services\/"},"modified":"2020-06-01T16:58:29","modified_gmt":"2020-06-01T16:58:29","slug":"hizmetler","status":"publish","type":"page","link":"https:\/\/www.partsturned.com\/tr\/hizmetler\/","title":{"rendered":"Hizmetler"},"content":{"rendered":"<div class=\"wpb-content-wrapper\"><p>[vc_row row_type=&#8221;parallax&#8221; parallax_content_width=&#8221;in_grid&#8221; text_align=&#8221;left&#8221; full_screen_section_height=&#8221;no&#8221;][vc_column css=&#8221;.vc_custom_1583258852266{padding-top: 80px !important;padding-bottom: 52px !important;}&#8221;][vc_column_text css=&#8221;.vc_custom_1589898895784{padding-bottom: 38px !important;}&#8221;]<\/p>\n<p style=\"text-align: left;\">\u015eirketimizdeki CNC\u2019li tornalar\u0131n \u00e7e\u015fitlili\u011fi sizlere 5mm\u2019den 400mm \u00e7apa kadar CNC torna imkan\u0131 sunuyor. Biz 10-1 milyon par\u00e7a lot i\u00e7in k\u0131sa s\u00fcrede teslimde uzman\u0131z. \u015eirketimiz %100 ihracat bazl\u0131 bir \u015firkettir. Bu \u00fcr\u00fcn\u00fcn %80\u2019i Almanya pazar\u0131na ihra\u00e7 ediliyor. Bizler Almanya standartlar\u0131 ve y\u00fcksek kalite beklentisinin fark\u0131nday\u0131z.<\/p>\n<p>&nbsp;<\/p>\n<p>\u0130lk \u00e7iziminden son hale gelmi\u015f par\u00e7as\u0131na kadar tasar\u0131m\u0131n\u0131z\u0131n \u00fcretiminde size yard\u0131mc\u0131 olabiliriz ve sizlere hammadde noktas\u0131nda i\u015fleyi\u015f ve fiyat noktas\u0131nda dan\u0131\u015fmanl\u0131k yapabiliriz. Sizlerle tak\u0131m olarak kalifiye elemanlar\u0131m\u0131z ve s\u0131cakkanl\u0131 \u00e7al\u0131\u015fanlar\u0131m\u0131z ile beraber daha fazla yard\u0131mc\u0131 olabilmek i\u00e7in hassas CNC i\u015flemede par\u00e7an\u0131z\u0131n tasar\u0131mda oldu\u011fu gibi fiyat ve zaman noktas\u0131nda i\u015f birli\u011fi yapmak istiyoruz.<\/p>\n<p>&nbsp;<\/p>\n<p>Sizlere hassas CNC tornalama ve CNC frezeleme sa\u011flaman\u0131n yan\u0131 s\u0131ra CNC lazer kesimi ve kaynak hizmeti de sunuyoruz. Sizler i\u00e7in hassas par\u00e7alar\u0131n\u0131z\u0131 istedi\u011finiz gibi bir araya getiren ve i\u015fi bitirmek i\u00e7in gerekli olan montaj hizmetini sunmaktan ve sundu\u011fumuz her hizmette k\u00e2r\u0131n\u0131z\u0131 artt\u0131rmaktan gurur duyuyoruz.[\/vc_column_text][\/vc_column][\/vc_row][vc_row css_animation=&#8221;&#8221; row_type=&#8221;row&#8221; use_row_as_full_screen_section=&#8221;no&#8221; type=&#8221;grid&#8221; angled_section=&#8221;no&#8221; text_align=&#8221;left&#8221; background_image_as_pattern=&#8221;without_pattern&#8221; z_index=&#8221;&#8221;][vc_column][vc_row_inner row_type=&#8221;row&#8221; type=&#8221;full_width&#8221; text_align=&#8221;left&#8221; css_animation=&#8221;&#8221; css=&#8221;.vc_custom_1583257314976{padding-top: 28px !important;padding-bottom: 23px !important;}&#8221;][vc_column_inner css=&#8221;.vc_custom_1583258246768{padding-bottom: 52px !important;}&#8221;]<div class='projects_holder_outer v4 portfolio_with_space portfolio_standard'><div class='projects_holder portfolio_main_holder clearfix v4 standard portfolio_full_image '>\n<article class='mix portfolio_category_42 ' style=''><div class='image_holder'><a itemprop='url' class='portfolio_link_for_touch' href='https:\/\/www.partsturned.com\/tr\/cnc\/cnc-tornalama\/' target='_self'><span class='image'><img loading=\"lazy\" decoding=\"async\" width=\"800\" height=\"450\" src=\"https:\/\/www.partsturned.com\/wp-content\/uploads\/2020\/03\/services-cnc-turning-parts-turned.jpg\" class=\"attachment-full size-full wp-post-image\" alt=\"\" srcset=\"https:\/\/www.partsturned.com\/wp-content\/uploads\/2020\/03\/services-cnc-turning-parts-turned.jpg 800w, https:\/\/www.partsturned.com\/wp-content\/uploads\/2020\/03\/services-cnc-turning-parts-turned-300x169.jpg 300w, https:\/\/www.partsturned.com\/wp-content\/uploads\/2020\/03\/services-cnc-turning-parts-turned-768x432.jpg 768w, https:\/\/www.partsturned.com\/wp-content\/uploads\/2020\/03\/services-cnc-turning-parts-turned-700x394.jpg 700w, https:\/\/www.partsturned.com\/wp-content\/uploads\/2020\/03\/services-cnc-turning-parts-turned-539x303.jpg 539w\" sizes=\"auto, (max-width: 800px) 100vw, 800px\" \/><\/span><\/a><span class='text_holder'><span class='text_outer'><span class='text_inner'><span class='feature_holder'><span class=\"feature_holder_icons\"><a itemprop='image' class='lightbox qbutton small white' title='CNC Tornalama' href='https:\/\/www.partsturned.com\/wp-content\/uploads\/2020\/03\/services-cnc-turning-parts-turned.jpg' data-rel='prettyPhoto[pretty_photo_gallery]'>zoom<\/a><a itemprop='url' class='preview qbutton small white' href='https:\/\/www.partsturned.com\/tr\/cnc\/cnc-tornalama\/' target='_self'>view<\/a><\/span><\/span><\/span><\/span><\/span><\/div><div class='portfolio_description '><h5 itemprop=\"name\" class=\"portfolio_title entry_title\"><a itemprop=\"url\" href=\"https:\/\/www.partsturned.com\/tr\/cnc\/cnc-tornalama\/\"  target=\"_self\">CNC Tornalama<\/a><\/h5><span class=\"project_category\" >CNC<\/span><\/div><\/article>\n<article class='mix portfolio_category_42 ' style=''><div class='image_holder'><a itemprop='url' class='portfolio_link_for_touch' href='https:\/\/www.partsturned.com\/tr\/cnc\/cnc-freze\/' target='_self'><span class='image'><img loading=\"lazy\" decoding=\"async\" width=\"800\" height=\"450\" src=\"https:\/\/www.partsturned.com\/wp-content\/uploads\/2020\/03\/services-cnc-milling-parts-turned.jpg\" class=\"attachment-full size-full wp-post-image\" alt=\"\" srcset=\"https:\/\/www.partsturned.com\/wp-content\/uploads\/2020\/03\/services-cnc-milling-parts-turned.jpg 800w, https:\/\/www.partsturned.com\/wp-content\/uploads\/2020\/03\/services-cnc-milling-parts-turned-300x169.jpg 300w, https:\/\/www.partsturned.com\/wp-content\/uploads\/2020\/03\/services-cnc-milling-parts-turned-768x432.jpg 768w, https:\/\/www.partsturned.com\/wp-content\/uploads\/2020\/03\/services-cnc-milling-parts-turned-700x394.jpg 700w, https:\/\/www.partsturned.com\/wp-content\/uploads\/2020\/03\/services-cnc-milling-parts-turned-539x303.jpg 539w\" sizes=\"auto, (max-width: 800px) 100vw, 800px\" \/><\/span><\/a><span class='text_holder'><span class='text_outer'><span class='text_inner'><span class='feature_holder'><span class=\"feature_holder_icons\"><a itemprop='image' class='lightbox qbutton small white' title='CNC Freze' href='https:\/\/www.partsturned.com\/wp-content\/uploads\/2020\/03\/services-cnc-milling-parts-turned.jpg' data-rel='prettyPhoto[pretty_photo_gallery]'>zoom<\/a><a itemprop='url' class='preview qbutton small white' href='https:\/\/www.partsturned.com\/tr\/cnc\/cnc-freze\/' target='_self'>view<\/a><\/span><\/span><\/span><\/span><\/span><\/div><div class='portfolio_description '><h5 itemprop=\"name\" class=\"portfolio_title entry_title\"><a itemprop=\"url\" href=\"https:\/\/www.partsturned.com\/tr\/cnc\/cnc-freze\/\"  target=\"_self\">CNC Freze<\/a><\/h5><span class=\"project_category\" >CNC<\/span><\/div><\/article>\n<article class='mix portfolio_category_42 ' style=''><div class='image_holder'><a itemprop='url' class='portfolio_link_for_touch' href='https:\/\/www.partsturned.com\/tr\/cnc\/cnc-lazer-kesim\/' target='_self'><span class='image'><img loading=\"lazy\" decoding=\"async\" width=\"800\" height=\"450\" src=\"https:\/\/www.partsturned.com\/wp-content\/uploads\/2020\/03\/services-cnc-laser-cut-parts-turned.jpg\" class=\"attachment-full size-full wp-post-image\" alt=\"\" srcset=\"https:\/\/www.partsturned.com\/wp-content\/uploads\/2020\/03\/services-cnc-laser-cut-parts-turned.jpg 800w, https:\/\/www.partsturned.com\/wp-content\/uploads\/2020\/03\/services-cnc-laser-cut-parts-turned-300x169.jpg 300w, https:\/\/www.partsturned.com\/wp-content\/uploads\/2020\/03\/services-cnc-laser-cut-parts-turned-768x432.jpg 768w, https:\/\/www.partsturned.com\/wp-content\/uploads\/2020\/03\/services-cnc-laser-cut-parts-turned-700x394.jpg 700w, https:\/\/www.partsturned.com\/wp-content\/uploads\/2020\/03\/services-cnc-laser-cut-parts-turned-539x303.jpg 539w\" sizes=\"auto, (max-width: 800px) 100vw, 800px\" \/><\/span><\/a><span class='text_holder'><span class='text_outer'><span class='text_inner'><span class='feature_holder'><span class=\"feature_holder_icons\"><a itemprop='image' class='lightbox qbutton small white' title='CNC Lazer Kesim' href='https:\/\/www.partsturned.com\/wp-content\/uploads\/2020\/03\/services-cnc-laser-cut-parts-turned.jpg' data-rel='prettyPhoto[pretty_photo_gallery]'>zoom<\/a><a itemprop='url' class='preview qbutton small white' href='https:\/\/www.partsturned.com\/tr\/cnc\/cnc-lazer-kesim\/' target='_self'>view<\/a><\/span><\/span><\/span><\/span><\/span><\/div><div class='portfolio_description '><h5 itemprop=\"name\" class=\"portfolio_title entry_title\"><a itemprop=\"url\" href=\"https:\/\/www.partsturned.com\/tr\/cnc\/cnc-lazer-kesim\/\"  target=\"_self\">CNC Lazer Kesim<\/a><\/h5><span class=\"project_category\" >CNC<\/span><\/div><\/article>\n<article class='mix portfolio_category_42 ' style=''><div class='image_holder'><a itemprop='url' class='portfolio_link_for_touch' href='https:\/\/www.partsturned.com\/tr\/cnc\/yuzey-islem\/' target='_self'><span class='image'><img loading=\"lazy\" decoding=\"async\" width=\"800\" height=\"450\" src=\"https:\/\/www.partsturned.com\/wp-content\/uploads\/2020\/03\/services-surface-treatment-parts-turned.jpg\" class=\"attachment-full size-full wp-post-image\" alt=\"\" srcset=\"https:\/\/www.partsturned.com\/wp-content\/uploads\/2020\/03\/services-surface-treatment-parts-turned.jpg 800w, https:\/\/www.partsturned.com\/wp-content\/uploads\/2020\/03\/services-surface-treatment-parts-turned-300x169.jpg 300w, https:\/\/www.partsturned.com\/wp-content\/uploads\/2020\/03\/services-surface-treatment-parts-turned-768x432.jpg 768w, https:\/\/www.partsturned.com\/wp-content\/uploads\/2020\/03\/services-surface-treatment-parts-turned-700x394.jpg 700w, https:\/\/www.partsturned.com\/wp-content\/uploads\/2020\/03\/services-surface-treatment-parts-turned-539x303.jpg 539w\" sizes=\"auto, (max-width: 800px) 100vw, 800px\" \/><\/span><\/a><span class='text_holder'><span class='text_outer'><span class='text_inner'><span class='feature_holder'><span class=\"feature_holder_icons\"><a itemprop='image' class='lightbox qbutton small white' title='Y\u00fczey \u0130\u015flem' href='https:\/\/www.partsturned.com\/wp-content\/uploads\/2020\/03\/services-surface-treatment-parts-turned.jpg' data-rel='prettyPhoto[pretty_photo_gallery]'>zoom<\/a><a itemprop='url' class='preview qbutton small white' href='https:\/\/www.partsturned.com\/tr\/cnc\/yuzey-islem\/' target='_self'>view<\/a><\/span><\/span><\/span><\/span><\/span><\/div><div class='portfolio_description '><h5 itemprop=\"name\" class=\"portfolio_title entry_title\"><a itemprop=\"url\" href=\"https:\/\/www.partsturned.com\/tr\/cnc\/yuzey-islem\/\"  target=\"_self\">Y\u00fczey \u0130\u015flem<\/a><\/h5><span class=\"project_category\" >CNC<\/span><\/div><\/article>\n<div class='filler'><\/div>\n<div class='filler'><\/div>\n<div class='filler'><\/div>\n<div class='filler'><\/div>\n<\/div><\/div>[vc_empty_space]\n\n\t<a href=\"https:\/\/www.partsturned.com\/tr\/hizli-fiyat\/\" target=\"_self\" style=\"font-size: 13px\" class=\"qode-btn qode-btn-medium qode-btn-solid qode-btn-icon qodef-btn-icon-square qode-btn-icon-rotate\"  >\n\t    <span class=\"qode-btn-text\">H\u0131zl\u0131 Fiyat<\/span><span class=\"qode-button-v2-icon-holder\" style=\"font-size: 21px\"><span aria-hidden=\"true\" class=\"qode_icon_font_elegant arrow_carrot-right_alt2 qode-button-v2-icon-holder-inner\" ><\/span><\/span>\t<\/a>\n\n[\/vc_column_inner][\/vc_row_inner][\/vc_column][\/vc_row]<\/p>\n<\/div>","protected":false},"excerpt":{"rendered":"<p>[vc_row row_type=&#8221;parallax&#8221; parallax_content_width=&#8221;in_grid&#8221; text_align=&#8221;left&#8221; full_screen_section_height=&#8221;no&#8221;][vc_column css=&#8221;.vc_custom_1583258852266{padding-top: 80px !important;padding-bottom: 52px !important;}&#8221;][vc_column_text css=&#8221;.vc_custom_1589898895784{padding-bottom: 38px !important;}&#8221;] \u015eirketimizdeki CNC\u2019li tornalar\u0131n \u00e7e\u015fitlili\u011fi sizlere 5mm\u2019den 400mm \u00e7apa kadar CNC torna imkan\u0131 sunuyor. Biz 10-1 milyon par\u00e7a lot i\u00e7in k\u0131sa s\u00fcrede teslimde uzman\u0131z. \u015eirketimiz %100 ihracat bazl\u0131 bir \u015firkettir. Bu \u00fcr\u00fcn\u00fcn %80\u2019i&#8230;<\/p>\n","protected":false},"author":2,"featured_media":0,"parent":0,"menu_order":0,"comment_status":"closed","ping_status":"closed","template":"full_width.php","meta":{"footnotes":""},"class_list":["post-586","page","type-page","status-publish","hentry"],"aioseo_notices":[],"_links":{"self":[{"href":"https:\/\/www.partsturned.com\/tr\/wp-json\/wp\/v2\/pages\/586","targetHints":{"allow":["GET"]}}],"collection":[{"href":"https:\/\/www.partsturned.com\/tr\/wp-json\/wp\/v2\/pages"}],"about":[{"href":"https:\/\/www.partsturned.com\/tr\/wp-json\/wp\/v2\/types\/page"}],"author":[{"embeddable":true,"href":"https:\/\/www.partsturned.com\/tr\/wp-json\/wp\/v2\/users\/2"}],"replies":[{"embeddable":true,"href":"https:\/\/www.partsturned.com\/tr\/wp-json\/wp\/v2\/comments?post=586"}],"version-history":[{"count":8,"href":"https:\/\/www.partsturned.com\/tr\/wp-json\/wp\/v2\/pages\/586\/revisions"}],"predecessor-version":[{"id":936,"href":"https:\/\/www.partsturned.com\/tr\/wp-json\/wp\/v2\/pages\/586\/revisions\/936"}],"wp:attachment":[{"href":"https:\/\/www.partsturned.com\/tr\/wp-json\/wp\/v2\/media?parent=586"}],"curies":[{"name":"wp","href":"https:\/\/api.w.org\/{rel}","templated":true}]}}