{"id":570,"date":"2016-11-02T08:49:58","date_gmt":"2016-11-02T08:49:58","guid":{"rendered":"https:\/\/www.partsturned.com\/contact-us\/"},"modified":"2020-05-23T15:03:21","modified_gmt":"2020-05-23T15:03:21","slug":"iletisim","status":"publish","type":"page","link":"https:\/\/www.partsturned.com\/tr\/iletisim\/","title":{"rendered":"\u0130leti\u015fim"},"content":{"rendered":"<div class=\"wpb-content-wrapper\"><p>[vc_row css_animation=&#8221;&#8221; row_type=&#8221;row&#8221; use_row_as_full_screen_section=&#8221;no&#8221; type=&#8221;grid&#8221; angled_section=&#8221;no&#8221; text_align=&#8221;center&#8221; background_image_as_pattern=&#8221;without_pattern&#8221; z_index=&#8221;&#8221; css=&#8221;.vc_custom_1583003140609{padding-top: 100px !important;}&#8221;][vc_column][vc_column_text]<\/p>\n<h1>\u00d6z Makine Ltd \u015eti.<\/h1>\n<p>&nbsp;<\/p>\n<p>Hassas par\u00e7alar\u0131n\u0131z\u0131 istedi\u011finiz \u015fekilde ve s\u00f6z verilen teslim zaman\u0131nda ve \u00e7ok iyi fiyatlarla \u00fcretmek i\u00e7in bir cnc torna \u015firketi ar\u0131yorsan\u0131z, do\u011fru sayfadas\u0131n\u0131z.<\/p>\n<p>Taleplerinizi de\u011ferlendirmeyi memnuniyetle bekliyoruz.<\/p>\n<p><strong>Sat\u0131\u015f Sorumlusu: Faruk \u00d6z\u00e7oban<\/strong>[\/vc_column_text][vc_empty_space height=&#8221;20px&#8221;][\/vc_column][\/vc_row][vc_row css_animation=&#8221;&#8221; row_type=&#8221;row&#8221; use_row_as_full_screen_section=&#8221;no&#8221; type=&#8221;grid&#8221; angled_section=&#8221;no&#8221; text_align=&#8221;center&#8221; background_image_as_pattern=&#8221;without_pattern&#8221; css=&#8221;.vc_custom_1583003129825{padding-top: 37px !important;padding-bottom: 37px !important;}&#8221; z_index=&#8221;&#8221;][vc_column width=&#8221;1\/2&#8243; offset=&#8221;vc_col-lg-3 vc_col-md-3&#8243;]<span data-type=\"circle\" data-hover-bg-color=\"#ffffff\" data-hover-icon-color=\"#2e82ea\" class=\"qode_icon_shortcode fa-stack q_font_awsome_icon_stack fa-lg  \" style=\"font-size: 35px;font-size: 51px; \"><i class=\"fa fa-circle fa-stack-base fa-stack-2x\" style=\"color: #ffffff;\"><\/i><span aria-hidden=\"true\" class=\"qode_icon_font_elegant icon_pin qode_icon_element fa-stack-1x\" style=\"font-size: 35px;color: #2e82ea;\" ><\/span><\/span>[vc_empty_space height=&#8221;20px&#8221;][vc_column_text]<\/p>\n<h4 style=\"text-align: center;\">\u0130stanbul Ofisimiz<\/h4>\n<p style=\"text-align: center;\"><strong>T\u00fcmsan 1 Sanayi Sites 6. Blok No.19 Ba\u015fak\u015fehir \u0130stanbul<\/strong><\/p>\n<p>[\/vc_column_text][vc_empty_space height=&#8221;14px&#8221;][\/vc_column][vc_column width=&#8221;1\/2&#8243; offset=&#8221;vc_col-lg-3 vc_col-md-3&#8243;]<span data-type=\"circle\" data-hover-bg-color=\"#ffffff\" data-hover-icon-color=\"#2e82ea\" class=\"qode_icon_shortcode fa-stack q_font_awsome_icon_stack fa-lg  \" style=\"font-size: 35px;font-size: 51px; \"><i class=\"fa fa-circle fa-stack-base fa-stack-2x\" style=\"color: #ffffff;\"><\/i><span aria-hidden=\"true\" class=\"qode_icon_font_elegant icon_phone qode_icon_element fa-stack-1x\" style=\"font-size: 35px;color: #2e82ea;\" ><\/span><\/span>[vc_empty_space height=&#8221;20px&#8221;][vc_column_text]<\/p>\n<h4 style=\"text-align: center;\">Telefon<\/h4>\n<h4 style=\"color: #2e82ea; text-align: center;\"><a href=\"tel:\/\/+905372262865\">+90 537 226 2865<\/a><\/h4>\n<p>[\/vc_column_text][vc_empty_space height=&#8221;14px&#8221;][\/vc_column][vc_column width=&#8221;1\/2&#8243; offset=&#8221;vc_col-lg-3 vc_col-md-3&#8243;]<span data-type=\"circle\" data-hover-bg-color=\"#ffffff\" data-hover-icon-color=\"#2e82ea\" class=\"qode_icon_shortcode fa-stack q_font_awsome_icon_stack fa-lg  \" style=\"font-size: 35px;font-size: 51px; \"><i class=\"fa fa-circle fa-stack-base fa-stack-2x\" style=\"color: #ffffff;\"><\/i><span aria-hidden=\"true\" class=\"qode_icon_font_elegant icon_phone qode_icon_element fa-stack-1x\" style=\"font-size: 35px;color: #2e82ea;\" ><\/span><\/span>[vc_empty_space height=&#8221;20px&#8221;][vc_column_text]<\/p>\n<h4 style=\"text-align: center;\">Fax<\/h4>\n<h4 style=\"text-align: center;\"><span style=\"color: #2e82ea;\"><a href=\"tel:\/\/+902126716245\">+90 212 671 62 45<\/a><\/span><\/h4>\n<p>[\/vc_column_text][vc_empty_space height=&#8221;14px&#8221;][\/vc_column][vc_column width=&#8221;1\/2&#8243; offset=&#8221;vc_col-lg-3 vc_col-md-3&#8243;]<span data-type=\"circle\" data-hover-bg-color=\"#ffffff\" data-hover-icon-color=\"#2e82ea\" class=\"qode_icon_shortcode fa-stack q_font_awsome_icon_stack fa-lg  \" style=\"font-size: 35px;font-size: 51px; \"><i class=\"fa fa-circle fa-stack-base fa-stack-2x\" style=\"color: #ffffff;\"><\/i><span aria-hidden=\"true\" class=\"qode_icon_font_elegant icon_mail qode_icon_element fa-stack-1x\" style=\"font-size: 35px;color: #2e82ea;\" ><\/span><\/span>[vc_empty_space height=&#8221;20px&#8221;][vc_column_text]<\/p>\n<h4 style=\"text-align: center;\">E-mail<\/h4>\n<h4 style=\"text-align: center;\"><span style=\"color: #2e82ea;\"><a href=\"mailto:sales@partsturned.com\">sales@partsturned.com<\/a><\/span><\/h4>\n<p>[\/vc_column_text][vc_empty_space height=&#8221;14px&#8221;][\/vc_column][\/vc_row][vc_row css_animation=&#8221;&#8221; row_type=&#8221;row&#8221; use_row_as_full_screen_section=&#8221;no&#8221; type=&#8221;grid&#8221; angled_section=&#8221;no&#8221; text_align=&#8221;left&#8221; background_image_as_pattern=&#8221;without_pattern&#8221; css=&#8221;.vc_custom_1478078331304{padding-bottom: 80px !important;}&#8221;][vc_column offset=&#8221;vc_col-lg-6 vc_col-md-6&#8243; css=&#8221;.vc_custom_1589625817007{background-color: #d8d8d8 !important;}&#8221;][vc_column_text]<\/p>\n<h4>\u0130leti\u015fim Formu<\/h4>\n<p>[\/vc_column_text][vc_empty_space height=&#8221;27px&#8221;]\n<div class=\"wpcf7 no-js\" id=\"wpcf7-f5-o1\" lang=\"tr-TR\" dir=\"ltr\" data-wpcf7-id=\"5\">\n<div class=\"screen-reader-response\"><p role=\"status\" aria-live=\"polite\" aria-atomic=\"true\"><\/p> <ul><\/ul><\/div>\n<form action=\"\/tr\/wp-json\/wp\/v2\/pages\/570#wpcf7-f5-o1\" method=\"post\" class=\"wpcf7-form init cf7_custom_style_2\" aria-label=\"\u0130leti\u015fim Formu\" novalidate=\"novalidate\" data-status=\"init\">\n<fieldset class=\"hidden-fields-container\"><input type=\"hidden\" name=\"_wpcf7\" value=\"5\" \/><input type=\"hidden\" name=\"_wpcf7_version\" value=\"6.1.5\" \/><input type=\"hidden\" name=\"_wpcf7_locale\" value=\"tr_TR\" \/><input type=\"hidden\" name=\"_wpcf7_unit_tag\" value=\"wpcf7-f5-o1\" \/><input type=\"hidden\" name=\"_wpcf7_container_post\" value=\"0\" \/><input type=\"hidden\" name=\"_wpcf7_posted_data_hash\" value=\"\" \/>\n<\/fieldset>\n<p><span class=\"wpcf7-form-control-wrap\" data-name=\"your-name\"><input size=\"40\" maxlength=\"400\" class=\"wpcf7-form-control wpcf7-text wpcf7-validates-as-required\" aria-required=\"true\" aria-invalid=\"false\" placeholder=\"Ad\u0131n\u0131z, Soyad\u0131n\u0131z\" value=\"\" type=\"text\" name=\"your-name\" \/><\/span><br \/>\n<span class=\"wpcf7-form-control-wrap\" data-name=\"your-email\"><input size=\"40\" maxlength=\"400\" class=\"wpcf7-form-control wpcf7-email wpcf7-validates-as-required wpcf7-text wpcf7-validates-as-email\" aria-required=\"true\" aria-invalid=\"false\" placeholder=\"E-Posta Adresiniz\" value=\"\" type=\"email\" name=\"your-email\" \/><\/span><br \/>\n<span class=\"wpcf7-form-control-wrap\" data-name=\"your-subject\"><input size=\"40\" maxlength=\"400\" class=\"wpcf7-form-control wpcf7-text wpcf7-validates-as-required\" aria-required=\"true\" aria-invalid=\"false\" placeholder=\"Konu\" value=\"\" type=\"text\" name=\"your-subject\" \/><\/span><br \/>\n<span class=\"wpcf7-form-control-wrap\" data-name=\"your-message\"><input size=\"40\" maxlength=\"400\" class=\"wpcf7-form-control wpcf7-text wpcf7-validates-as-required\" aria-required=\"true\" aria-invalid=\"false\" placeholder=\"Mesaj\u0131n\u0131z\" value=\"\" type=\"text\" name=\"your-message\" \/><\/span><br \/>\n<input class=\"wpcf7-form-control wpcf7-submit has-spinner\" type=\"submit\" value=\"G\u00f6nder\" \/>\n<\/p><div class=\"wpcf7-response-output\" aria-hidden=\"true\"><\/div>\n<\/form>\n<\/div>\n[vc_empty_space height=&#8221;60px&#8221;][\/vc_column][vc_column offset=&#8221;vc_col-lg-6 vc_col-md-6&#8243;][vc_column_text]<\/p>\n<h4>Ofisimizi ziyaret edin<\/h4>\n<p>[\/vc_column_text][vc_empty_space height=&#8221;27px&#8221;][vc_gmaps link=&#8221;#E-8_JTNDaWZyYW1lJTIwc3JjJTNEJTIyaHR0cHMlM0ElMkYlMkZ3d3cuZ29vZ2xlLmNvbSUyRm1hcHMlMkZlbWJlZCUzRnBiJTNEJTIxMW0xOCUyMTFtMTIlMjExbTMlMjExZDE3ODcuNzU4NDI4MTA0ODYyMyUyMTJkMjguNzkyNjQ4NDU2ODM5NDIlMjEzZDQxLjA5ODcyNjg2ODY4Nzk3JTIxMm0zJTIxMWYwJTIxMmYwJTIxM2YwJTIxM20yJTIxMWkxMDI0JTIxMmk3NjglMjE0ZjEzLjElMjEzbTMlMjExbTIlMjExczB4MTRjYWFmZmQ4ODI3MGU2OSUyNTNBMHhhYzM5YmUzM2QyN2I4MTRiJTIxMnNPeiUyNTIwTWFraW5lJTI1MjBMVEQlMjE1ZTAlMjEzbTIlMjExc3RyJTIxMnN0ciUyMTR2MTU4MzAwMzkyNzY1MSUyMTVtMiUyMTFzdHIlMjEyc3RyJTIyJTIwd2lkdGglM0QlMjI2MDAlMjIlMjBoZWlnaHQlM0QlMjI0NTAlMjIlMjBmcmFtZWJvcmRlciUzRCUyMjAlMjIlMjBzdHlsZSUzRCUyMmJvcmRlciUzQTAlM0IlMjIlMjBhbGxvd2Z1bGxzY3JlZW4lM0QlMjIlMjIlM0UlM0MlMkZpZnJhbWUlM0U=&#8221;][vc_empty_space height=&#8221;60px&#8221;][\/vc_column][\/vc_row]<\/p>\n<\/div>","protected":false},"excerpt":{"rendered":"<p>[vc_row css_animation=&#8221;&#8221; row_type=&#8221;row&#8221; use_row_as_full_screen_section=&#8221;no&#8221; type=&#8221;grid&#8221; angled_section=&#8221;no&#8221; text_align=&#8221;center&#8221; background_image_as_pattern=&#8221;without_pattern&#8221; z_index=&#8221;&#8221; css=&#8221;.vc_custom_1583003140609{padding-top: 100px !important;}&#8221;][vc_column][vc_column_text] \u00d6z Makine Ltd \u015eti. &nbsp; Hassas par\u00e7alar\u0131n\u0131z\u0131 istedi\u011finiz \u015fekilde ve s\u00f6z verilen teslim zaman\u0131nda ve \u00e7ok iyi fiyatlarla \u00fcretmek i\u00e7in bir cnc torna \u015firketi ar\u0131yorsan\u0131z, do\u011fru sayfadas\u0131n\u0131z. Taleplerinizi de\u011ferlendirmeyi memnuniyetle bekliyoruz. Sat\u0131\u015f Sorumlusu:&#8230;<\/p>\n","protected":false},"author":2,"featured_media":0,"parent":0,"menu_order":0,"comment_status":"closed","ping_status":"closed","template":"full_width.php","meta":{"footnotes":""},"class_list":["post-570","page","type-page","status-publish","hentry"],"aioseo_notices":[],"_links":{"self":[{"href":"https:\/\/www.partsturned.com\/tr\/wp-json\/wp\/v2\/pages\/570","targetHints":{"allow":["GET"]}}],"collection":[{"href":"https:\/\/www.partsturned.com\/tr\/wp-json\/wp\/v2\/pages"}],"about":[{"href":"https:\/\/www.partsturned.com\/tr\/wp-json\/wp\/v2\/types\/page"}],"author":[{"embeddable":true,"href":"https:\/\/www.partsturned.com\/tr\/wp-json\/wp\/v2\/users\/2"}],"replies":[{"embeddable":true,"href":"https:\/\/www.partsturned.com\/tr\/wp-json\/wp\/v2\/comments?post=570"}],"version-history":[{"count":12,"href":"https:\/\/www.partsturned.com\/tr\/wp-json\/wp\/v2\/pages\/570\/revisions"}],"predecessor-version":[{"id":889,"href":"https:\/\/www.partsturned.com\/tr\/wp-json\/wp\/v2\/pages\/570\/revisions\/889"}],"wp:attachment":[{"href":"https:\/\/www.partsturned.com\/tr\/wp-json\/wp\/v2\/media?parent=570"}],"curies":[{"name":"wp","href":"https:\/\/api.w.org\/{rel}","templated":true}]}}