{"id":557,"date":"2020-02-29T21:43:19","date_gmt":"2020-02-29T21:43:19","guid":{"rendered":"https:\/\/www.partsturned.com\/quick-quotation\/"},"modified":"2020-06-01T17:00:04","modified_gmt":"2020-06-01T17:00:04","slug":"hizli-fiyat","status":"publish","type":"page","link":"https:\/\/www.partsturned.com\/tr\/hizli-fiyat\/","title":{"rendered":"H\u0131zl\u0131 Fiyat"},"content":{"rendered":"<div class=\"wpb-content-wrapper\"><p>[vc_row css_animation=&#8221;&#8221; row_type=&#8221;row&#8221; use_row_as_full_screen_section=&#8221;yes&#8221; type=&#8221;grid&#8221; angled_section=&#8221;no&#8221; text_align=&#8221;left&#8221; background_image_as_pattern=&#8221;without_pattern&#8221; z_index=&#8221;&#8221; css=&#8221;.vc_custom_1584525721811{background-image: url(https:\/\/www.partsturned.com\/wp-content\/uploads\/2020\/03\/cnc-background-scaled.jpg?id=446) !important;}&#8221;][vc_column offset=&#8221;vc_col-lg-offset-4&#8243;][vc_empty_space height=&#8221;82px&#8221;][vc_column_text]<\/p>\n<h1 style=\"text-align: left;\">H\u0131zl\u0131 Fiyat<\/h1>\n<p>[\/vc_column_text][vc_empty_space height=&#8221;52px&#8221;][vc_column_text]<strong>En iyi fiyat\u0131 alabilmek i\u00e7in sadece bir e-mail uzaktas\u0131n\u0131z.<\/strong><\/p>\n<p>L\u00fctfen talebinizi, \u00e7izimle birlikte email ya da faks yoluyla g\u00f6nderin, sizlere 24 saat i\u00e7erisinde geri d\u00f6n\u00fc\u015f yapaca\u011f\u0131z.<\/p>\n<p>&nbsp;<\/p>\n<p>Sat\u0131\u015f M\u00fcd\u00fcr\u00fc \u2013 Faruk \u00d6z\u00e7oban<br \/>\nEmail:\u00a0<a href=\"mailto:f.ozcoban@partsturned.com\">f.ozcoban@partsturned.com<\/a><br \/>\nFax: +90 212 671 6245<\/p>\n<p>&nbsp;<\/p>\n<p>Par\u00e7an\u0131z makinemiz i\u00e7in uygunsa size Avrupa\u2019daki en iyi fiyat\u0131 garanti ediyoruz.<\/p>\n<p>Taleplerinize 24 saat i\u00e7inde geri d\u00f6n\u00fc\u015f sa\u011flanacakt\u0131r.<\/p>\n<p>Mutlu m\u00fc\u015fteriler en nihai hedefimizdir.<\/p>\n<p>\u0130lk \u00e7izimden son hale gelmi\u015f par\u00e7as\u0131na kadar tasar\u0131m\u0131n\u0131z\u0131n \u00fcretiminde size yard\u0131mc\u0131 olabiliriz ve size ham madde, i\u015fleyi\u015f ve fiyat noktas\u0131nda dan\u0131\u015fmanl\u0131k yapabiliriz.<\/p>\n<p>&nbsp;<\/p>\n<p>Tabii bir tebess\u00fcm ile&#8230;[\/vc_column_text][vc_empty_space height=&#8221;52px&#8221;]\n\n\t<a href=\"https:\/\/www.partsturned.com\/tr\/iletisim\/\" target=\"_self\" style=\"font-size: 13px\" class=\"qode-btn qode-btn-medium qode-btn-solid qode-btn-icon qodef-btn-icon-square qode-btn-icon-rotate\"  >\n\t    <span class=\"qode-btn-text\">\u0130leti\u015fim<\/span><span class=\"qode-button-v2-icon-holder\" style=\"font-size: 21px\"><span aria-hidden=\"true\" class=\"qode_icon_font_elegant arrow_carrot-right_alt2 qode-button-v2-icon-holder-inner\" ><\/span><\/span>\t<\/a>\n\n[vc_empty_space height=&#8221;52px&#8221;][\/vc_column][\/vc_row]<\/p>\n<\/div>","protected":false},"excerpt":{"rendered":"<p>[vc_row css_animation=&#8221;&#8221; row_type=&#8221;row&#8221; use_row_as_full_screen_section=&#8221;yes&#8221; type=&#8221;grid&#8221; angled_section=&#8221;no&#8221; text_align=&#8221;left&#8221; background_image_as_pattern=&#8221;without_pattern&#8221; z_index=&#8221;&#8221; css=&#8221;.vc_custom_1584525721811{background-image: url(https:\/\/www.partsturned.com\/wp-content\/uploads\/2020\/03\/cnc-background-scaled.jpg?id=446) !important;}&#8221;][vc_column offset=&#8221;vc_col-lg-offset-4&#8243;][vc_empty_space height=&#8221;82px&#8221;][vc_column_text] H\u0131zl\u0131 Fiyat [\/vc_column_text][vc_empty_space height=&#8221;52px&#8221;][vc_column_text]En iyi fiyat\u0131 alabilmek i\u00e7in sadece bir e-mail uzaktas\u0131n\u0131z. L\u00fctfen talebinizi, \u00e7izimle birlikte email ya da faks yoluyla g\u00f6nderin, sizlere 24 saat i\u00e7erisinde geri d\u00f6n\u00fc\u015f yapaca\u011f\u0131z. &nbsp; Sat\u0131\u015f&#8230;<\/p>\n","protected":false},"author":2,"featured_media":0,"parent":0,"menu_order":0,"comment_status":"closed","ping_status":"closed","template":"full_width.php","meta":{"footnotes":""},"class_list":["post-557","page","type-page","status-publish","hentry"],"aioseo_notices":[],"_links":{"self":[{"href":"https:\/\/www.partsturned.com\/tr\/wp-json\/wp\/v2\/pages\/557","targetHints":{"allow":["GET"]}}],"collection":[{"href":"https:\/\/www.partsturned.com\/tr\/wp-json\/wp\/v2\/pages"}],"about":[{"href":"https:\/\/www.partsturned.com\/tr\/wp-json\/wp\/v2\/types\/page"}],"author":[{"embeddable":true,"href":"https:\/\/www.partsturned.com\/tr\/wp-json\/wp\/v2\/users\/2"}],"replies":[{"embeddable":true,"href":"https:\/\/www.partsturned.com\/tr\/wp-json\/wp\/v2\/comments?post=557"}],"version-history":[{"count":19,"href":"https:\/\/www.partsturned.com\/tr\/wp-json\/wp\/v2\/pages\/557\/revisions"}],"predecessor-version":[{"id":976,"href":"https:\/\/www.partsturned.com\/tr\/wp-json\/wp\/v2\/pages\/557\/revisions\/976"}],"wp:attachment":[{"href":"https:\/\/www.partsturned.com\/tr\/wp-json\/wp\/v2\/media?parent=557"}],"curies":[{"name":"wp","href":"https:\/\/api.w.org\/{rel}","templated":true}]}}