{"id":619,"date":"2020-02-29T20:50:51","date_gmt":"2020-02-29T20:50:51","guid":{"rendered":"https:\/\/www.partsturned.com\/about-us\/"},"modified":"2020-05-27T18:35:06","modified_gmt":"2020-05-27T18:35:06","slug":"ueber-uns","status":"publish","type":"page","link":"https:\/\/www.partsturned.com\/de\/ueber-uns\/","title":{"rendered":"\u00dcber Uns"},"content":{"rendered":"<div class=\"wpb-content-wrapper\"><p>[vc_row css_animation=&#8220;&#8220; row_type=&#8220;row&#8220; use_row_as_full_screen_section=&#8220;no&#8220; type=&#8220;grid&#8220; angled_section=&#8220;no&#8220; text_align=&#8220;left&#8220; background_image_as_pattern=&#8220;without_pattern&#8220; z_index=&#8220;&#8220; css=&#8220;.vc_custom_1583011885892{padding-top: 62px !important;padding-bottom: 62px !important;}&#8220;][vc_column][vc_column_text css=&#8220;.vc_custom_1590604365786{padding-right: 12px !important;padding-left: 12px !important;}&#8220;]<\/p>\n<h4><strong><span style=\"color: #2e82ea;\">Als \u00d6z Makine Ltd. haben wir uns f\u00fcr T\u00e4tigkeiten mit Pr\u00e4zisionsteilen kleinerer und auch gr\u00f6\u00dferer Chargen von 10 bis 1 Million Teile spezialisiert.<\/span><\/strong><\/h4>\n<p>&nbsp;<\/p>\n<p>Als f\u00fchrender Hersteller f\u00fcr CNC-Zerspanungen f\u00fcr eine Reihe von Bereichen ist unsere Mission, effektive L\u00f6sungen zu liefern, die perfekt auf individuelle Kundenbed\u00fcrfnisse abgestimmt sind, kundenspezifische L\u00f6sungen f\u00fcr das CNC Drehen und CNC-Fr\u00e4sen zu bieten sowie Ihnen L\u00f6sungen anzubieten, um Ihre Kosten zu senken und dabei Gewinnmarge erh\u00f6hen.<\/p>\n<p>&nbsp;<\/p>\n<p>Unser Unternehmen wurde im Jahre 2000 gegr\u00fcndet und 2007 in eine GmbH mit dem Namen \u00d6z Makine Ltd. \u015eti. umgewandelt. Unsere Firma begann zun\u00e4chst mit CNC-Drehen und sp\u00e4ter im Jahr 2008 nahmen wir auch Auftr\u00e4ge f\u00fcr CNC-Fr\u00e4sen an.<\/p>\n<p>&nbsp;<\/p>\n<p>Die j\u00e4hrlich steigende Anzahl unserer zufriedenen Kunden veranlasste uns dazu, auch die Herstellung von Schwei\u00dfteilen, mit CNC Laserschneiden erzeugten Teilen und Montageteilen in unser Produktionsprogramm aufzunehmen. Alle Mitarbeiter bei \u00d6z Makine Ltd bem\u00fchen sich, Ihre bei uns in Auftrag gegebene Pr\u00e4zisionsteile zu Ihrer Zufriedenheit herzustellen. Bei Oz ist Kundenzufriedenheit die treibende Kraft unserer Motivation.[\/vc_column_text][\/vc_column][\/vc_row][vc_row css_animation=&#8220;&#8220; row_type=&#8220;row&#8220; use_row_as_full_screen_section=&#8220;yes&#8220; type=&#8220;full_width&#8220; angled_section=&#8220;no&#8220; text_align=&#8220;left&#8220; background_image_as_pattern=&#8220;without_pattern&#8220; z_index=&#8220;&#8220;][vc_column css=&#8220;.vc_custom_1583448891546{padding-bottom: 32px !important;}&#8220;]<div class=\"qode-elliptical-slider\"><div class=\"qode-elliptical-slider-slides\" data-autoplay = no>\n<div class=\"qode-elliptical-slide\" style=\"background-image:url(https:\/\/www.partsturned.com\/wp-content\/uploads\/2020\/03\/iso-qualty-parts-turned.jpg)\">\n    <div class=\"qode-elliptical-slide-image-holder-wrapper\" style=\"background-color:#ffffff\">\n        <span class=\"qode-elliptical-slide-image-holder\">\n            <img decoding=\"async\" src=\"https:\/\/www.partsturned.com\/wp-content\/uploads\/2020\/03\/iso-qualty-parts-turned.jpg\" alt=\"qode-eliptic-slider\"\/>\n        <\/span>\n    <\/div>\n    <div class=\"qode-elliptical-slide-content-holder\" style=\"background: -webkit-linear-gradient(left, #ffffff 50%, transparent 50%);background: linear-gradient(90deg, #ffffff 50%, transparent 50%);\">\n        <div class=\"qode-elliptical-slide-content-holder-inner grid_section\">\n            <div class=\"qode-elliptical-slide-content-wrapper section_inner\">\n                <div class=\"qode-elliptical-slide-wrapper-inner\">\n\t\t\t\t\t<div class=\"qode-elliptical-slide-svg-holder\">\n\t\t\t\t\t\t<svg version=\"1.1\" id=\"Layer_1\" xmlns=\"http:\/\/www.w3.org\/2000\/svg\" xmlns:xlink=\"http:\/\/www.w3.org\/1999\/xlink\" x=\"0px\" y=\"0px\" width=\"92.296px\" height=\"485px\" viewBox=\"0 0 92.296 492\" enable-background=\"new 0 0 92.296 492\" preserveAspectRatio=\"none\">\n\t\t\t\t\t\t\t<path style=\"fill:#ffffff\" d=\"M91.621,0H0v492h92.296C47.988,426.806,21,340.351,21,245.5C21,151.133,47.716,65.078,91.621,0z\"\/>\n\t\t\t\t\t\t<\/svg>\n\t\t\t\t\t<\/div>\n                    <div class=\"qode-elliptical-slide-elements-holder\">\n\n\t\t\t\t\t\t[vc_column_text]<\/p>\n<h4><span style=\"color: #2e82ea;\">Qualit\u00e4t ist kein Zufall &#8230;<\/span><\/h4>\n<p>[\/vc_column_text][vc_empty_space][vc_column_text]Unser Ziel ist es, an jeder Phase und jedem Schritt unserer Produktion die h\u00f6chste Qualit\u00e4t zu erreichen, um am Ende ein qualitativ hochwertiges Produkt zu erhalten. Wir streben danach, die Qualit\u00e4t unserer Verfahren und Methoden kontinuierlich zu verbessern.<\/p>\n<p>&nbsp;<\/p>\n<p>Unsere international anerkannte ISO-Zertifizierung h\u00e4lt uns davon nicht ab, uns weiterzuentwickeln.<\/p>\n<p>&nbsp;<\/p>\n<p>Wir arbeiten und investieren, um unsere Qualit\u00e4t Jahr f\u00fcr Jahr zu verbessern.<\/p>\n<p>&nbsp;<\/p>\n<p>Unser Endziel ist Kundenzufriedenheit.<\/p>\n<p>&nbsp;<\/p>\n<p>Eingetragen in TURKAK ISO 9001\/2008.<\/p>\n<p>&nbsp;<\/p>\n<p>Eingetragen im t\u00fcrkischen Industrieausschuss.[\/vc_column_text]                    <\/div>\n                <\/div>\n            <\/div>\n        <\/div>\n    <\/div>\n<\/div><\/div><\/div>[\/vc_column][\/vc_row][vc_row css_animation=&#8220;&#8220; row_type=&#8220;row&#8220; use_row_as_full_screen_section=&#8220;no&#8220; type=&#8220;grid&#8220; angled_section=&#8220;no&#8220; text_align=&#8220;left&#8220; background_image_as_pattern=&#8220;without_pattern&#8220; css=&#8220;.vc_custom_1583449120964{padding-top: 52px !important;padding-bottom: 42px !important;}&#8220; z_index=&#8220;&#8220;][vc_column][vc_row_inner row_type=&#8220;row&#8220; type=&#8220;full_width&#8220; text_align=&#8220;left&#8220; css_animation=&#8220;&#8220;][vc_column_inner css=&#8220;.vc_custom_1583448277235{padding-bottom: 28px !important;}&#8220;][vc_column_text]<\/p>\n<h4><span style=\"color: #2e82ea;\">Maschinenpark<\/span><\/h4>\n<p>&nbsp;<\/p>\n<p>Unsere Kernkapazit\u00e4t liegt im CNC-Drehen \/ Drehen von Teilen. Dar\u00fcber hinaus bieten wir unseren Kunden Dienstleistungen in den Bereichen CNC-Fr\u00e4sen \/ Fr\u00e4sen, CNC-Lazer-Schneiden \/ CNC-Lazer-Schneiden, Schwei\u00dfen \/ Schwei\u00dfen von Teilen und Montageservice an.[\/vc_column_text][\/vc_column_inner][\/vc_row_inner][vc_row_inner row_type=&#8220;row&#8220; type=&#8220;full_width&#8220; text_align=&#8220;left&#8220; css_animation=&#8220;&#8220; css=&#8220;.vc_custom_1583448288320{padding-bottom: 38px !important;}&#8220;][vc_column_inner width=&#8220;1\/2&#8243;][vc_single_image image=&#8220;626&#8243; img_size=&#8220;600&#215;400&#8243; style=&#8220;vc_box_shadow&#8220; qode_css_animation=&#8220;&#8220; qode_hover_animation=&#8220;zoom_in&#8220;][\/vc_column_inner][vc_column_inner width=&#8220;1\/2&#8243;][vc_column_text css=&#8220;.vc_custom_1590604476445{padding-right: 32px !important;padding-left: 32px !important;}&#8220;]Dies erm\u00f6glicht es uns, das komplette CNC-Dreh- \/ Drehteil- und Stahlbauteilpaket aus einer Vielzahl von Materialien anzubieten. Das Unternehmen hat in den letzten Jahren \u00fcber 1,6 Mio. \u20ac in CNC-Maschinen investiert. \u00d6z Makine Ltd. investiert st\u00e4ndig in neue Maschinen und neue Technologien.<\/p>\n<p>&nbsp;<\/p>\n<p>In unserer Bearbeitungswerkstatt stehen Bearbeitungskapazit\u00e4ten f\u00fcr alle Losgr\u00f6\u00dfen von 10 bis 100.000 St\u00fcck zur Verf\u00fcgung. Unsere Bearbeitungsanlage ist f\u00fcr alle Branchen in Europa, Russland, dem Nahen Osten und Afrika geeignet.<\/p>\n<p>&nbsp;<\/p>\n<p>Unsere Maschinen mit modernster Technologie erm\u00f6glichen es uns, eine Vielzahl von Spezialteilen herzustellen, was uns zu einem einzigen Werkstatt f\u00fcr unsere Kunden macht. Wir fertigen Teile f\u00fcr viele Branchen aus Materialien wie Stahl, Edelstahl, Aluminium, Messing und mehr.[\/vc_column_text][\/vc_column_inner][\/vc_row_inner][\/vc_column][\/vc_row][vc_row css_animation=&#8220;&#8220; row_type=&#8220;row&#8220; use_row_as_full_screen_section=&#8220;no&#8220; type=&#8220;grid&#8220; angled_section=&#8220;no&#8220; text_align=&#8220;left&#8220; background_image_as_pattern=&#8220;without_pattern&#8220; z_index=&#8220;&#8220; css=&#8220;.vc_custom_1583447752704{padding-top: 15px !important;padding-bottom: 15px !important;}&#8220;][vc_column width=&#8220;1\/3&#8243;]<div class='q_team info_description_below_image qode_team_disabled_hover'><div class='q_team_inner'><div class='q_team_image'><div class='q_team_image_holder'><img itemprop='image' src='https:\/\/www.partsturned.com\/wp-content\/uploads\/2020\/03\/plant-list-img7.jpg' alt='plant-list-img7' \/><\/div><div class='q_team_text' ><div class='q_team_text_inner'><div class='q_team_title_holder'><h3 class='q_team_name' style = ''><\/h3><\/div><div class='separator small center' style = ''><\/div><div class='q_team_description_below_image_wrapper'><div class='q_team_description'><div class='q_team_description_inner'><p>2X Ares Seiki CNC Milling 4 Axis<br \/>\n1500mmx700mmx700mm<\/p><\/div><\/div><\/div><\/div><\/div><div class='q_team_social_holder'><\/div><\/div><\/div><\/div>[\/vc_column][vc_column width=&#8220;1\/3&#8243;]<div class='q_team info_description_below_image qode_team_disabled_hover'><div class='q_team_inner'><div class='q_team_image'><div class='q_team_image_holder'><img itemprop='image' src='https:\/\/www.partsturned.com\/wp-content\/uploads\/2020\/03\/plant-list-img4.jpg' alt='plant-list-img4' \/><\/div><div class='q_team_text' ><div class='q_team_text_inner'><div class='q_team_title_holder'><h3 class='q_team_name' style = ''><\/h3><\/div><div class='separator small center' style = ''><\/div><div class='q_team_description_below_image_wrapper'><div class='q_team_description'><div class='q_team_description_inner'><p>2 X 3 Axis with Live tools<br \/>\nTurning Diameter 42mm<\/p><\/div><\/div><\/div><\/div><\/div><div class='q_team_social_holder'><\/div><\/div><\/div><\/div>[\/vc_column][vc_column width=&#8220;1\/3&#8243;]<div class='q_team info_description_below_image qode_team_disabled_hover'><div class='q_team_inner'><div class='q_team_image'><div class='q_team_image_holder'><img itemprop='image' src='https:\/\/www.partsturned.com\/wp-content\/uploads\/2020\/03\/plant-list-img3.jpg' alt='plant-list-img3' \/><\/div><div class='q_team_text' style=border-style:solid;'><div class='q_team_text_inner'><div class='q_team_title_holder'><h3 class='q_team_name' style = ''><\/h3><\/div><div class='separator small center' style = ''><\/div><div class='q_team_description_below_image_wrapper'><div class='q_team_description'><div class='q_team_description_inner'><p>1 X 3 Axis with Live Tools<br \/>\nTurning Diameter 250mm<\/p><\/div><\/div><\/div><\/div><\/div><div class='q_team_social_holder'><\/div><\/div><\/div><\/div>[\/vc_column][\/vc_row][vc_row css_animation=&#8220;&#8220; row_type=&#8220;row&#8220; use_row_as_full_screen_section=&#8220;no&#8220; type=&#8220;grid&#8220; angled_section=&#8220;no&#8220; text_align=&#8220;left&#8220; background_image_as_pattern=&#8220;without_pattern&#8220; z_index=&#8220;&#8220; css=&#8220;.vc_custom_1583446521237{padding-bottom: 15px !important;}&#8220;][vc_column width=&#8220;1\/3&#8243;]<div class='q_team info_description_below_image qode_team_disabled_hover'><div class='q_team_inner'><div class='q_team_image'><div class='q_team_image_holder'><img itemprop='image' src='https:\/\/www.partsturned.com\/wp-content\/uploads\/2020\/03\/plant-list-img1.jpg' alt='plant-list-img1' \/><\/div><div class='q_team_text' ><div class='q_team_text_inner'><div class='q_team_title_holder'><h3 class='q_team_name' style = ''><\/h3><\/div><div class='separator small center' style = ''><\/div><div class='q_team_description_below_image_wrapper'><div class='q_team_description'><div class='q_team_description_inner'><p>3 X Takisawa Nex 108<br \/>\n2 Axis CNC Lathe<br \/>\nTurning Diameter 250mm<\/p><\/div><\/div><\/div><\/div><\/div><div class='q_team_social_holder'><\/div><\/div><\/div><\/div>[\/vc_column][vc_column width=&#8220;1\/3&#8243;]<div class='q_team info_description_below_image qode_team_disabled_hover'><div class='q_team_inner'><div class='q_team_image'><div class='q_team_image_holder'><img itemprop='image' src='https:\/\/www.partsturned.com\/wp-content\/uploads\/2020\/03\/plant-list-img5.jpg' alt='plant-list-img5' \/><\/div><div class='q_team_text' ><div class='q_team_text_inner'><div class='q_team_title_holder'><h3 class='q_team_name' style = ''><\/h3><\/div><div class='separator small center' style = ''><\/div><div class='q_team_description_below_image_wrapper'><div class='q_team_description'><div class='q_team_description_inner'><p>1 X Nex 110 Takisawa<br \/>\n2 axis CNC Lathe<br \/>\nTurning Diameter 400mm<\/p><\/div><\/div><\/div><\/div><\/div><div class='q_team_social_holder'><\/div><\/div><\/div><\/div>[\/vc_column][vc_column width=&#8220;1\/3&#8243;]<div class='q_team info_description_below_image qode_team_disabled_hover'><div class='q_team_inner'><div class='q_team_image'><div class='q_team_image_holder'><img itemprop='image' src='https:\/\/www.partsturned.com\/wp-content\/uploads\/2020\/03\/plant-list-img6.jpg' alt='plant-list-img6' \/><\/div><div class='q_team_text' style=border-style:solid;'><div class='q_team_text_inner'><div class='q_team_title_holder'><h3 class='q_team_name' style = ''><\/h3><\/div><div class='separator small center' style = ''><\/div><div class='q_team_description_below_image_wrapper'><div class='q_team_description'><div class='q_team_description_inner'><p>3 X Takisawa Nex 108<br \/>\n2 Axis CNC Lathe<br \/>\nTurning Diameter 300mm<\/p><\/div><\/div><\/div><\/div><\/div><div class='q_team_social_holder'><\/div><\/div><\/div><\/div>[\/vc_column][\/vc_row][vc_row css_animation=&#8220;&#8220; row_type=&#8220;row&#8220; use_row_as_full_screen_section=&#8220;no&#8220; type=&#8220;grid&#8220; angled_section=&#8220;no&#8220; text_align=&#8220;left&#8220; background_image_as_pattern=&#8220;without_pattern&#8220; z_index=&#8220;&#8220; css=&#8220;.vc_custom_1583448434727{padding-bottom: 52px !important;}&#8220;][vc_column width=&#8220;1\/3&#8243;]<div class='q_team info_description_below_image qode_team_disabled_hover'><div class='q_team_inner'><div class='q_team_image'><div class='q_team_image_holder'><img itemprop='image' src='https:\/\/www.partsturned.com\/wp-content\/uploads\/2020\/03\/plant-list-img2.jpg' alt='plant-list-img2' \/><\/div><div class='q_team_text' ><div class='q_team_text_inner'><div class='q_team_title_holder'><h3 class='q_team_name' style = ''><\/h3><\/div><div class='separator small center' style = ''><\/div><div class='q_team_description_below_image_wrapper'><div class='q_team_description'><div class='q_team_description_inner'><p>1xTakisawa Nex 108 with bar Feeder<br \/>\n2 Axis CNC Lathe<br \/>\nTurning Diameter 42mm<\/p><\/div><\/div><\/div><\/div><\/div><div class='q_team_social_holder'><\/div><\/div><\/div><\/div>[\/vc_column][vc_column width=&#8220;1\/3&#8243;]<div class='q_team info_description_below_image qode_team_disabled_hover'><div class='q_team_inner'><div class='q_team_image'><div class='q_team_image_holder'><img itemprop='image' src='https:\/\/www.partsturned.com\/wp-content\/uploads\/2020\/03\/plant-list-img8.jpg' alt='plant-list-img8' \/><\/div><div class='q_team_text' ><div class='q_team_text_inner'><div class='q_team_title_holder'><h3 class='q_team_name' style = ''><\/h3><\/div><div class='separator small center' style = ''><\/div><div class='q_team_description_below_image_wrapper'><div class='q_team_description'><div class='q_team_description_inner'><p>2 X Trumatic CNC Lazer cutting L3050<br \/>\n1500 x 3000 working Lengths<br \/>\nCutting depth 20mm<\/p><\/div><\/div><\/div><\/div><\/div><div class='q_team_social_holder'><\/div><\/div><\/div><\/div>[\/vc_column][vc_column width=&#8220;1\/3&#8243;][\/vc_column][\/vc_row][vc_row css_animation=&#8220;&#8220; row_type=&#8220;row&#8220; use_row_as_full_screen_section=&#8220;no&#8220; type=&#8220;grid&#8220; angled_section=&#8220;no&#8220; text_align=&#8220;right&#8220; background_image_as_pattern=&#8220;without_pattern&#8220; css=&#8220;.vc_custom_1584529936277{padding-top: 37px !important;padding-bottom: 37px !important;background-color: #272b30 !important;}&#8220; z_index=&#8220;&#8220;][vc_column][qode_elements_holder number_of_columns=&#8220;two_columns&#8220; columns_proportion=&#8220;66_33&#8243; alignment_one_column=&#8220;center&#8220;][qode_elements_holder_item vertical_alignment=&#8220;middle&#8220; advanced_animations=&#8220;no&#8220; item_padding_600_768=&#8220;0 0 21px 0&#8243; item_padding_480_600=&#8220;0 0 21px 0&#8243; item_padding_480=&#8220;0 0 21px 0&#8243;][vc_column_text]<\/p>\n<h3 style=\"text-align: left;\"><span style=\"color: #ffffff;\">Bei Oz Makine Ltd sind wir auf Pr\u00e4zisionsteile f\u00fcr kurze bis gro\u00dfe Auftr\u00e4ge von 10 bis 1 Million St\u00fcck spezialisiert.<\/span><\/h3>\n<p>[\/vc_column_text][\/qode_elements_holder_item][qode_elements_holder_item vertical_alignment=&#8220;middle&#8220; advanced_animations=&#8220;no&#8220;]\n\n\t<a href=\"https:\/\/www.partsturned.com\/de\/dienstleistungen\/\" target=\"_self\" style=\"font-size: 13px\" class=\"qode-btn qode-btn-medium qode-btn-solid qode-btn-icon qodef-btn-icon-square qode-btn-icon-rotate\"  >\n\t    <span class=\"qode-btn-text\">Dienstleistungen<\/span><span class=\"qode-button-v2-icon-holder\" style=\"font-size: 21px\"><span aria-hidden=\"true\" class=\"qode_icon_font_elegant arrow_carrot-right_alt2 qode-button-v2-icon-holder-inner\" ><\/span><\/span>\t<\/a>\n\n[\/qode_elements_holder_item][\/qode_elements_holder][\/vc_column][\/vc_row]<\/p>\n<\/div>","protected":false},"excerpt":{"rendered":"<p>[vc_row css_animation=&#8220;&#8220; row_type=&#8220;row&#8220; use_row_as_full_screen_section=&#8220;no&#8220; type=&#8220;grid&#8220; angled_section=&#8220;no&#8220; text_align=&#8220;left&#8220; background_image_as_pattern=&#8220;without_pattern&#8220; z_index=&#8220;&#8220; css=&#8220;.vc_custom_1583011885892{padding-top: 62px !important;padding-bottom: 62px !important;}&#8220;][vc_column][vc_column_text css=&#8220;.vc_custom_1590604365786{padding-right: 12px !important;padding-left: 12px !important;}&#8220;] Als \u00d6z Makine Ltd. haben wir uns f\u00fcr T\u00e4tigkeiten mit Pr\u00e4zisionsteilen kleinerer und auch gr\u00f6\u00dferer Chargen von 10 bis 1 Million Teile spezialisiert. &nbsp; Als f\u00fchrender&#8230;<\/p>\n","protected":false},"author":2,"featured_media":0,"parent":0,"menu_order":0,"comment_status":"closed","ping_status":"closed","template":"full_width.php","meta":{"footnotes":""},"class_list":["post-619","page","type-page","status-publish","hentry"],"aioseo_notices":[],"_links":{"self":[{"href":"https:\/\/www.partsturned.com\/de\/wp-json\/wp\/v2\/pages\/619","targetHints":{"allow":["GET"]}}],"collection":[{"href":"https:\/\/www.partsturned.com\/de\/wp-json\/wp\/v2\/pages"}],"about":[{"href":"https:\/\/www.partsturned.com\/de\/wp-json\/wp\/v2\/types\/page"}],"author":[{"embeddable":true,"href":"https:\/\/www.partsturned.com\/de\/wp-json\/wp\/v2\/users\/2"}],"replies":[{"embeddable":true,"href":"https:\/\/www.partsturned.com\/de\/wp-json\/wp\/v2\/comments?post=619"}],"version-history":[{"count":10,"href":"https:\/\/www.partsturned.com\/de\/wp-json\/wp\/v2\/pages\/619\/revisions"}],"predecessor-version":[{"id":1019,"href":"https:\/\/www.partsturned.com\/de\/wp-json\/wp\/v2\/pages\/619\/revisions\/1019"}],"wp:attachment":[{"href":"https:\/\/www.partsturned.com\/de\/wp-json\/wp\/v2\/media?parent=619"}],"curies":[{"name":"wp","href":"https:\/\/api.w.org\/{rel}","templated":true}]}}