{"id":584,"date":"2020-02-29T21:50:27","date_gmt":"2020-02-29T21:50:27","guid":{"rendered":"https:\/\/www.partsturned.com\/our-services\/"},"modified":"2020-05-27T18:55:47","modified_gmt":"2020-05-27T18:55:47","slug":"dienstleistungen","status":"publish","type":"page","link":"https:\/\/www.partsturned.com\/de\/dienstleistungen\/","title":{"rendered":"Dienstleistungen"},"content":{"rendered":"<div class=\"wpb-content-wrapper\"><p>[vc_row row_type=&#8220;parallax&#8220; parallax_content_width=&#8220;in_grid&#8220; text_align=&#8220;left&#8220; full_screen_section_height=&#8220;no&#8220;][vc_column css=&#8220;.vc_custom_1583258852266{padding-top: 80px !important;padding-bottom: 52px !important;}&#8220;][vc_column_text css=&#8220;.vc_custom_1583756188991{padding-bottom: 38px !important;}&#8220;]<\/p>\n<p style=\"text-align: left;\">Die Vielf\u00e4ltigkeit der CNC-Drehmaschinen in unserem Unternehmen bietet Ihnen die M\u00f6glichkeit f\u00fcr CNC-Drehen von Teilen von 5 mm Durchmesser bis 400 mm Durchmesser. Wir sind spezialisiert auf kurze Durchlaufzeiten f\u00fcr kurzfristige Auftr\u00e4ge mit Chargen von 10 bis 1 Million St\u00fcck Teilen. Wenn gute Qualit\u00e4t zu niedrigen Kosten gefragt ist, sind wir der einzige Name, der f\u00fcr Pr\u00e4zisions-CNC-Drehteilen in den Sinn kommt.<\/p>\n<p>&nbsp;<\/p>\n<p>Unser Unternehmen exportbasiert, wobei wir 100 % unserer CNC-Verarbeitung exportieren.<\/p>\n<p>80 % dieser Produkte wird auf den deutschen Markt exportiert. Wir sind sehr vertraut mit deutschen Standards und hohen Qualit\u00e4tsanforderungen.<\/p>\n<p>Wir helfen Ihnen von der ersten Zeichnung bis zum fertigen Teil Ihres Designs f\u00fcr die Fertigung und wir beraten Sie auch gerne \u00fcber Rohstoffe hinsichtlich ihrer Leistungsf\u00e4higkeit und Kosten.<\/p>\n<p>&nbsp;<\/p>\n<p>Wir arbeiten mit Ihnen zusammen wie ein Team, um Ihnen weiter behilflich zu sein und sie zu begleiten mit unseren qualifizierten und freundlichen Mitarbeitern, damit wie Ihre Pr\u00e4zisionsteile in der CNC-Zerspanung pr\u00e4zise gestaltet sind, auch hinsichtlich ihrer Preise wettbewerbsf\u00e4hig sind und p\u00fcnktlich geliefert werden.[\/vc_column_text][\/vc_column][\/vc_row][vc_row css_animation=&#8220;&#8220; row_type=&#8220;row&#8220; use_row_as_full_screen_section=&#8220;no&#8220; type=&#8220;grid&#8220; angled_section=&#8220;no&#8220; text_align=&#8220;left&#8220; background_image_as_pattern=&#8220;without_pattern&#8220; z_index=&#8220;&#8220;][vc_column][vc_row_inner row_type=&#8220;row&#8220; type=&#8220;full_width&#8220; text_align=&#8220;left&#8220; css_animation=&#8220;&#8220; css=&#8220;.vc_custom_1583257314976{padding-top: 28px !important;padding-bottom: 23px !important;}&#8220;][vc_column_inner css=&#8220;.vc_custom_1583258246768{padding-bottom: 52px !important;}&#8220;]<div class='projects_holder_outer v4 portfolio_with_space portfolio_standard'><div class='projects_holder portfolio_main_holder clearfix v4 standard portfolio_full_image '>\n<article class='mix portfolio_category_41 ' style=''><div class='image_holder'><a itemprop='url' class='portfolio_link_for_touch' href='https:\/\/www.partsturned.com\/de\/cnc\/cnc-drehen\/' target='_self'><span class='image'><img loading=\"lazy\" decoding=\"async\" width=\"800\" height=\"450\" src=\"https:\/\/www.partsturned.com\/wp-content\/uploads\/2020\/03\/services-cnc-turning-parts-turned.jpg\" class=\"attachment-full size-full wp-post-image\" alt=\"\" srcset=\"https:\/\/www.partsturned.com\/wp-content\/uploads\/2020\/03\/services-cnc-turning-parts-turned.jpg 800w, https:\/\/www.partsturned.com\/wp-content\/uploads\/2020\/03\/services-cnc-turning-parts-turned-300x169.jpg 300w, https:\/\/www.partsturned.com\/wp-content\/uploads\/2020\/03\/services-cnc-turning-parts-turned-768x432.jpg 768w, https:\/\/www.partsturned.com\/wp-content\/uploads\/2020\/03\/services-cnc-turning-parts-turned-700x394.jpg 700w, https:\/\/www.partsturned.com\/wp-content\/uploads\/2020\/03\/services-cnc-turning-parts-turned-539x303.jpg 539w\" sizes=\"auto, (max-width: 800px) 100vw, 800px\" \/><\/span><\/a><span class='text_holder'><span class='text_outer'><span class='text_inner'><span class='feature_holder'><span class=\"feature_holder_icons\"><a itemprop='image' class='lightbox qbutton small white' title='CNC-Drehen' href='https:\/\/www.partsturned.com\/wp-content\/uploads\/2020\/03\/services-cnc-turning-parts-turned.jpg' data-rel='prettyPhoto[pretty_photo_gallery]'>zoom<\/a><a itemprop='url' class='preview qbutton small white' href='https:\/\/www.partsturned.com\/de\/cnc\/cnc-drehen\/' target='_self'>view<\/a><\/span><\/span><\/span><\/span><\/span><\/div><div class='portfolio_description '><h5 itemprop=\"name\" class=\"portfolio_title entry_title\"><a itemprop=\"url\" href=\"https:\/\/www.partsturned.com\/de\/cnc\/cnc-drehen\/\"  target=\"_self\">CNC-Drehen<\/a><\/h5><span class=\"project_category\" >CNC<\/span><\/div><\/article>\n<article class='mix portfolio_category_41 ' style=''><div class='image_holder'><a itemprop='url' class='portfolio_link_for_touch' href='https:\/\/www.partsturned.com\/de\/cnc\/cnc-fraesen\/' target='_self'><span class='image'><img loading=\"lazy\" decoding=\"async\" width=\"800\" height=\"450\" src=\"https:\/\/www.partsturned.com\/wp-content\/uploads\/2020\/03\/services-cnc-milling-parts-turned.jpg\" class=\"attachment-full size-full wp-post-image\" alt=\"\" srcset=\"https:\/\/www.partsturned.com\/wp-content\/uploads\/2020\/03\/services-cnc-milling-parts-turned.jpg 800w, https:\/\/www.partsturned.com\/wp-content\/uploads\/2020\/03\/services-cnc-milling-parts-turned-300x169.jpg 300w, https:\/\/www.partsturned.com\/wp-content\/uploads\/2020\/03\/services-cnc-milling-parts-turned-768x432.jpg 768w, https:\/\/www.partsturned.com\/wp-content\/uploads\/2020\/03\/services-cnc-milling-parts-turned-700x394.jpg 700w, https:\/\/www.partsturned.com\/wp-content\/uploads\/2020\/03\/services-cnc-milling-parts-turned-539x303.jpg 539w\" sizes=\"auto, (max-width: 800px) 100vw, 800px\" \/><\/span><\/a><span class='text_holder'><span class='text_outer'><span class='text_inner'><span class='feature_holder'><span class=\"feature_holder_icons\"><a itemprop='image' class='lightbox qbutton small white' title='CNC-Fr\u00e4sen' href='https:\/\/www.partsturned.com\/wp-content\/uploads\/2020\/03\/services-cnc-milling-parts-turned.jpg' data-rel='prettyPhoto[pretty_photo_gallery]'>zoom<\/a><a itemprop='url' class='preview qbutton small white' href='https:\/\/www.partsturned.com\/de\/cnc\/cnc-fraesen\/' target='_self'>view<\/a><\/span><\/span><\/span><\/span><\/span><\/div><div class='portfolio_description '><h5 itemprop=\"name\" class=\"portfolio_title entry_title\"><a itemprop=\"url\" href=\"https:\/\/www.partsturned.com\/de\/cnc\/cnc-fraesen\/\"  target=\"_self\">CNC-Fr\u00e4sen<\/a><\/h5><span class=\"project_category\" >CNC<\/span><\/div><\/article>\n<article class='mix portfolio_category_41 ' style=''><div class='image_holder'><a itemprop='url' class='portfolio_link_for_touch' href='https:\/\/www.partsturned.com\/de\/cnc\/cnc-laserschneiden\/' target='_self'><span class='image'><img loading=\"lazy\" decoding=\"async\" width=\"800\" height=\"450\" src=\"https:\/\/www.partsturned.com\/wp-content\/uploads\/2020\/03\/services-cnc-laser-cut-parts-turned.jpg\" class=\"attachment-full size-full wp-post-image\" alt=\"\" srcset=\"https:\/\/www.partsturned.com\/wp-content\/uploads\/2020\/03\/services-cnc-laser-cut-parts-turned.jpg 800w, https:\/\/www.partsturned.com\/wp-content\/uploads\/2020\/03\/services-cnc-laser-cut-parts-turned-300x169.jpg 300w, https:\/\/www.partsturned.com\/wp-content\/uploads\/2020\/03\/services-cnc-laser-cut-parts-turned-768x432.jpg 768w, https:\/\/www.partsturned.com\/wp-content\/uploads\/2020\/03\/services-cnc-laser-cut-parts-turned-700x394.jpg 700w, https:\/\/www.partsturned.com\/wp-content\/uploads\/2020\/03\/services-cnc-laser-cut-parts-turned-539x303.jpg 539w\" sizes=\"auto, (max-width: 800px) 100vw, 800px\" \/><\/span><\/a><span class='text_holder'><span class='text_outer'><span class='text_inner'><span class='feature_holder'><span class=\"feature_holder_icons\"><a itemprop='image' class='lightbox qbutton small white' title='CNC-Laserschneiden' href='https:\/\/www.partsturned.com\/wp-content\/uploads\/2020\/03\/services-cnc-laser-cut-parts-turned.jpg' data-rel='prettyPhoto[pretty_photo_gallery]'>zoom<\/a><a itemprop='url' class='preview qbutton small white' href='https:\/\/www.partsturned.com\/de\/cnc\/cnc-laserschneiden\/' target='_self'>view<\/a><\/span><\/span><\/span><\/span><\/span><\/div><div class='portfolio_description '><h5 itemprop=\"name\" class=\"portfolio_title entry_title\"><a itemprop=\"url\" href=\"https:\/\/www.partsturned.com\/de\/cnc\/cnc-laserschneiden\/\"  target=\"_self\">CNC-Laserschneiden<\/a><\/h5><span class=\"project_category\" >CNC<\/span><\/div><\/article>\n<article class='mix portfolio_category_41 ' style=''><div class='image_holder'><a itemprop='url' class='portfolio_link_for_touch' href='https:\/\/www.partsturned.com\/de\/cnc\/oberflaechenbehandlung\/' target='_self'><span class='image'><img loading=\"lazy\" decoding=\"async\" width=\"800\" height=\"450\" src=\"https:\/\/www.partsturned.com\/wp-content\/uploads\/2020\/03\/services-surface-treatment-parts-turned.jpg\" class=\"attachment-full size-full wp-post-image\" alt=\"\" srcset=\"https:\/\/www.partsturned.com\/wp-content\/uploads\/2020\/03\/services-surface-treatment-parts-turned.jpg 800w, https:\/\/www.partsturned.com\/wp-content\/uploads\/2020\/03\/services-surface-treatment-parts-turned-300x169.jpg 300w, https:\/\/www.partsturned.com\/wp-content\/uploads\/2020\/03\/services-surface-treatment-parts-turned-768x432.jpg 768w, https:\/\/www.partsturned.com\/wp-content\/uploads\/2020\/03\/services-surface-treatment-parts-turned-700x394.jpg 700w, https:\/\/www.partsturned.com\/wp-content\/uploads\/2020\/03\/services-surface-treatment-parts-turned-539x303.jpg 539w\" sizes=\"auto, (max-width: 800px) 100vw, 800px\" \/><\/span><\/a><span class='text_holder'><span class='text_outer'><span class='text_inner'><span class='feature_holder'><span class=\"feature_holder_icons\"><a itemprop='image' class='lightbox qbutton small white' title='Oberfl\u00e4chenbehandlung' href='https:\/\/www.partsturned.com\/wp-content\/uploads\/2020\/03\/services-surface-treatment-parts-turned.jpg' data-rel='prettyPhoto[pretty_photo_gallery]'>zoom<\/a><a itemprop='url' class='preview qbutton small white' href='https:\/\/www.partsturned.com\/de\/cnc\/oberflaechenbehandlung\/' target='_self'>view<\/a><\/span><\/span><\/span><\/span><\/span><\/div><div class='portfolio_description '><h5 itemprop=\"name\" class=\"portfolio_title entry_title\"><a itemprop=\"url\" href=\"https:\/\/www.partsturned.com\/de\/cnc\/oberflaechenbehandlung\/\"  target=\"_self\">Oberfl\u00e4chenbehandlung<\/a><\/h5><span class=\"project_category\" >CNC<\/span><\/div><\/article>\n<div class='filler'><\/div>\n<div class='filler'><\/div>\n<div class='filler'><\/div>\n<div class='filler'><\/div>\n<\/div><\/div>[vc_empty_space]\n\n\t<a href=\"https:\/\/www.partsturned.com\/de\/sofortige-preisangabe\/\" target=\"_self\" style=\"font-size: 13px\" class=\"qode-btn qode-btn-medium qode-btn-solid qode-btn-icon qodef-btn-icon-square qode-btn-icon-rotate\"  >\n\t    <span class=\"qode-btn-text\">Sofortige Preisangabe<\/span><span class=\"qode-button-v2-icon-holder\" style=\"font-size: 21px\"><span aria-hidden=\"true\" class=\"qode_icon_font_elegant arrow_carrot-right_alt2 qode-button-v2-icon-holder-inner\" ><\/span><\/span>\t<\/a>\n\n[\/vc_column_inner][\/vc_row_inner][\/vc_column][\/vc_row]<\/p>\n<\/div>","protected":false},"excerpt":{"rendered":"<p>[vc_row row_type=&#8220;parallax&#8220; parallax_content_width=&#8220;in_grid&#8220; text_align=&#8220;left&#8220; full_screen_section_height=&#8220;no&#8220;][vc_column css=&#8220;.vc_custom_1583258852266{padding-top: 80px !important;padding-bottom: 52px !important;}&#8220;][vc_column_text css=&#8220;.vc_custom_1583756188991{padding-bottom: 38px !important;}&#8220;] Die Vielf\u00e4ltigkeit der CNC-Drehmaschinen in unserem Unternehmen bietet Ihnen die M\u00f6glichkeit f\u00fcr CNC-Drehen von Teilen von 5 mm Durchmesser bis 400 mm Durchmesser. Wir sind spezialisiert auf kurze Durchlaufzeiten f\u00fcr kurzfristige Auftr\u00e4ge&#8230;<\/p>\n","protected":false},"author":2,"featured_media":0,"parent":0,"menu_order":0,"comment_status":"closed","ping_status":"closed","template":"full_width.php","meta":{"footnotes":""},"class_list":["post-584","page","type-page","status-publish","hentry"],"aioseo_notices":[],"_links":{"self":[{"href":"https:\/\/www.partsturned.com\/de\/wp-json\/wp\/v2\/pages\/584","targetHints":{"allow":["GET"]}}],"collection":[{"href":"https:\/\/www.partsturned.com\/de\/wp-json\/wp\/v2\/pages"}],"about":[{"href":"https:\/\/www.partsturned.com\/de\/wp-json\/wp\/v2\/types\/page"}],"author":[{"embeddable":true,"href":"https:\/\/www.partsturned.com\/de\/wp-json\/wp\/v2\/users\/2"}],"replies":[{"embeddable":true,"href":"https:\/\/www.partsturned.com\/de\/wp-json\/wp\/v2\/comments?post=584"}],"version-history":[{"count":5,"href":"https:\/\/www.partsturned.com\/de\/wp-json\/wp\/v2\/pages\/584\/revisions"}],"predecessor-version":[{"id":713,"href":"https:\/\/www.partsturned.com\/de\/wp-json\/wp\/v2\/pages\/584\/revisions\/713"}],"wp:attachment":[{"href":"https:\/\/www.partsturned.com\/de\/wp-json\/wp\/v2\/media?parent=584"}],"curies":[{"name":"wp","href":"https:\/\/api.w.org\/{rel}","templated":true}]}}