{"id":569,"date":"2016-11-02T08:49:58","date_gmt":"2016-11-02T08:49:58","guid":{"rendered":"https:\/\/www.partsturned.com\/contact-us\/"},"modified":"2020-05-27T22:15:44","modified_gmt":"2020-05-27T22:15:44","slug":"kontakt","status":"publish","type":"page","link":"https:\/\/www.partsturned.com\/de\/kontakt\/","title":{"rendered":"Kontakt"},"content":{"rendered":"<div class=\"wpb-content-wrapper\"><p>[vc_row css_animation=&#8220;&#8220; row_type=&#8220;row&#8220; use_row_as_full_screen_section=&#8220;no&#8220; type=&#8220;grid&#8220; angled_section=&#8220;no&#8220; text_align=&#8220;center&#8220; background_image_as_pattern=&#8220;without_pattern&#8220; z_index=&#8220;&#8220; css=&#8220;.vc_custom_1583003140609{padding-top: 100px !important;}&#8220;][vc_column][vc_column_text]<\/p>\n<h1>\u00d6z Makine Ltd. \u015eti.<\/h1>\n<p>&nbsp;<\/p>\n<p>Wenn Sie auf der Suche nach einer CNC-Dreherei sind, die Ihre Pr\u00e4zisionsteile nach Ihren Vorgaben herstellen und versprochene Liefertermine einhalten kann und zwar mit exzellenten Preisen, dann sind Sie auf der rechten Seite.<\/p>\n<p><strong>Wir begr\u00fc\u00dfen die Gelegenheit, Ihre Anforderungen auszuwerten.<\/strong>[\/vc_column_text][vc_empty_space height=&#8220;20px&#8220;][\/vc_column][\/vc_row][vc_row css_animation=&#8220;&#8220; row_type=&#8220;row&#8220; use_row_as_full_screen_section=&#8220;no&#8220; type=&#8220;grid&#8220; angled_section=&#8220;no&#8220; text_align=&#8220;center&#8220; background_image_as_pattern=&#8220;without_pattern&#8220; css=&#8220;.vc_custom_1583003129825{padding-top: 37px !important;padding-bottom: 37px !important;}&#8220; z_index=&#8220;&#8220;][vc_column width=&#8220;1\/2&#8243; offset=&#8220;vc_col-lg-3 vc_col-md-3&#8243;]<span data-type=\"circle\" data-hover-bg-color=\"#ffffff\" data-hover-icon-color=\"#2e82ea\" class=\"qode_icon_shortcode fa-stack q_font_awsome_icon_stack fa-lg  \" style=\"font-size: 35px;font-size: 51px; \"><i class=\"fa fa-circle fa-stack-base fa-stack-2x\" style=\"color: #ffffff;\"><\/i><span aria-hidden=\"true\" class=\"qode_icon_font_elegant icon_pin qode_icon_element fa-stack-1x\" style=\"font-size: 35px;color: #2e82ea;\" ><\/span><\/span>[vc_empty_space height=&#8220;20px&#8220;][vc_column_text]<\/p>\n<h4 style=\"text-align: center;\">Our Istanbul Offices<\/h4>\n<p style=\"text-align: center;\"><strong>T\u00fcmsan 1 Sanayi Sites 6. Blok No.19 Ba\u015fak\u015fehir, \u0130stanbul, T\u00fcrkiye<\/strong><\/p>\n<p>[\/vc_column_text][vc_empty_space height=&#8220;14px&#8220;][\/vc_column][vc_column width=&#8220;1\/2&#8243; offset=&#8220;vc_col-lg-3 vc_col-md-3&#8243;]<span data-type=\"circle\" data-hover-bg-color=\"#ffffff\" data-hover-icon-color=\"#2e82ea\" class=\"qode_icon_shortcode fa-stack q_font_awsome_icon_stack fa-lg  \" style=\"font-size: 35px;font-size: 51px; \"><i class=\"fa fa-circle fa-stack-base fa-stack-2x\" style=\"color: #ffffff;\"><\/i><span aria-hidden=\"true\" class=\"qode_icon_font_elegant icon_phone qode_icon_element fa-stack-1x\" style=\"font-size: 35px;color: #2e82ea;\" ><\/span><\/span>[vc_empty_space height=&#8220;20px&#8220;][vc_column_text]<\/p>\n<h4 style=\"text-align: center;\">Telefon<\/h4>\n<h4 style=\"color: #2e82ea; text-align: center;\"><a href=\"tel:\/\/+905372262865\">+90 537 226 2865<\/a><\/h4>\n<p>[\/vc_column_text][vc_empty_space height=&#8220;14px&#8220;][\/vc_column][vc_column width=&#8220;1\/2&#8243; offset=&#8220;vc_col-lg-3 vc_col-md-3&#8243;]<span data-type=\"circle\" data-hover-bg-color=\"#ffffff\" data-hover-icon-color=\"#2e82ea\" class=\"qode_icon_shortcode fa-stack q_font_awsome_icon_stack fa-lg  \" style=\"font-size: 35px;font-size: 51px; \"><i class=\"fa fa-circle fa-stack-base fa-stack-2x\" style=\"color: #ffffff;\"><\/i><span aria-hidden=\"true\" class=\"qode_icon_font_elegant icon_phone qode_icon_element fa-stack-1x\" style=\"font-size: 35px;color: #2e82ea;\" ><\/span><\/span>[vc_empty_space height=&#8220;20px&#8220;][vc_column_text]<\/p>\n<h4 style=\"text-align: center;\">Fax<\/h4>\n<h4 style=\"text-align: center;\"><span style=\"color: #2e82ea;\"><a href=\"tel:\/\/+902126716245\">+90 212 671 62 45<\/a><\/span><\/h4>\n<p>[\/vc_column_text][vc_empty_space height=&#8220;14px&#8220;][\/vc_column][vc_column width=&#8220;1\/2&#8243; offset=&#8220;vc_col-lg-3 vc_col-md-3&#8243;]<span data-type=\"circle\" data-hover-bg-color=\"#ffffff\" data-hover-icon-color=\"#2e82ea\" class=\"qode_icon_shortcode fa-stack q_font_awsome_icon_stack fa-lg  \" style=\"font-size: 35px;font-size: 51px; \"><i class=\"fa fa-circle fa-stack-base fa-stack-2x\" style=\"color: #ffffff;\"><\/i><span aria-hidden=\"true\" class=\"qode_icon_font_elegant icon_mail qode_icon_element fa-stack-1x\" style=\"font-size: 35px;color: #2e82ea;\" ><\/span><\/span>[vc_empty_space height=&#8220;20px&#8220;][vc_column_text]<\/p>\n<h4 style=\"text-align: center;\">E-mail<\/h4>\n<h4 style=\"text-align: center;\"><span style=\"color: #2e82ea;\"><a href=\"mailto:sales@partsturned.com\">sales@partsturned.com<\/a><\/span><\/h4>\n<p>[\/vc_column_text][vc_empty_space height=&#8220;14px&#8220;][\/vc_column][\/vc_row][vc_row css_animation=&#8220;&#8220; row_type=&#8220;row&#8220; use_row_as_full_screen_section=&#8220;no&#8220; type=&#8220;grid&#8220; angled_section=&#8220;no&#8220; text_align=&#8220;left&#8220; background_image_as_pattern=&#8220;without_pattern&#8220; css=&#8220;.vc_custom_1478078331304{padding-bottom: 80px !important;}&#8220;][vc_column offset=&#8220;vc_col-lg-6 vc_col-md-6&#8243; css=&#8220;.vc_custom_1589627663074{background-color: #d8d8d8 !important;}&#8220;][vc_column_text]<\/p>\n<h4>Kontakt Form<\/h4>\n<p>[\/vc_column_text][vc_empty_space height=&#8220;27px&#8220;]\n<div class=\"wpcf7 no-js\" id=\"wpcf7-f161-o1\" lang=\"en-US\" dir=\"ltr\" data-wpcf7-id=\"161\">\n<div class=\"screen-reader-response\"><p role=\"status\" aria-live=\"polite\" aria-atomic=\"true\"><\/p> <ul><\/ul><\/div>\n<form action=\"\/de\/wp-json\/wp\/v2\/pages\/569#wpcf7-f161-o1\" method=\"post\" class=\"wpcf7-form init cf7_custom_style_2\" aria-label=\"Contact form\" novalidate=\"novalidate\" data-status=\"init\">\n<fieldset class=\"hidden-fields-container\"><input type=\"hidden\" name=\"_wpcf7\" value=\"161\" \/><input type=\"hidden\" name=\"_wpcf7_version\" value=\"6.1.5\" \/><input type=\"hidden\" name=\"_wpcf7_locale\" value=\"en_US\" \/><input type=\"hidden\" name=\"_wpcf7_unit_tag\" value=\"wpcf7-f161-o1\" \/><input type=\"hidden\" name=\"_wpcf7_container_post\" value=\"0\" \/><input type=\"hidden\" name=\"_wpcf7_posted_data_hash\" value=\"\" \/>\n<\/fieldset>\n<p><span class=\"wpcf7-form-control-wrap\" data-name=\"fname\"><input size=\"40\" maxlength=\"400\" class=\"wpcf7-form-control wpcf7-text wpcf7-validates-as-required\" aria-required=\"true\" aria-invalid=\"false\" placeholder=\"Vorname Nachname\" value=\"\" type=\"text\" name=\"fname\" \/><\/span><br \/>\n<span class=\"wpcf7-form-control-wrap\" data-name=\"email\"><input size=\"40\" maxlength=\"400\" class=\"wpcf7-form-control wpcf7-email wpcf7-validates-as-required wpcf7-text wpcf7-validates-as-email\" aria-required=\"true\" aria-invalid=\"false\" placeholder=\"E-Mail Addresse\" value=\"\" type=\"email\" name=\"email\" \/><\/span><br \/>\n<span class=\"wpcf7-form-control-wrap\" data-name=\"subject\"><input size=\"40\" maxlength=\"400\" class=\"wpcf7-form-control wpcf7-text wpcf7-validates-as-required\" aria-required=\"true\" aria-invalid=\"false\" placeholder=\"Thema\" value=\"\" type=\"text\" name=\"subject\" \/><\/span><br \/>\n<span class=\"wpcf7-form-control-wrap\" data-name=\"message\"><input size=\"40\" maxlength=\"400\" class=\"wpcf7-form-control wpcf7-text wpcf7-validates-as-required\" aria-required=\"true\" aria-invalid=\"false\" placeholder=\"Nachricht\" value=\"\" type=\"text\" name=\"message\" \/><\/span><br \/>\n<input class=\"wpcf7-form-control wpcf7-submit has-spinner\" type=\"submit\" value=\"Sende\" \/>\n<\/p><div class=\"wpcf7-response-output\" aria-hidden=\"true\"><\/div>\n<\/form>\n<\/div>\n[vc_empty_space height=&#8220;60px&#8220;][\/vc_column][vc_column offset=&#8220;vc_col-lg-6 vc_col-md-6&#8243;][vc_column_text]<\/p>\n<h4>Besuchen Sie unsere B\u00fcros<\/h4>\n<p>[\/vc_column_text][vc_empty_space height=&#8220;27px&#8220;][vc_gmaps link=&#8220;#E-8_JTNDaWZyYW1lJTIwc3JjJTNEJTIyaHR0cHMlM0ElMkYlMkZ3d3cuZ29vZ2xlLmNvbSUyRm1hcHMlMkZlbWJlZCUzRnBiJTNEJTIxMW0xOCUyMTFtMTIlMjExbTMlMjExZDE3ODcuNzU4NDI4MTA0ODYyMyUyMTJkMjguNzkyNjQ4NDU2ODM5NDIlMjEzZDQxLjA5ODcyNjg2ODY4Nzk3JTIxMm0zJTIxMWYwJTIxMmYwJTIxM2YwJTIxM20yJTIxMWkxMDI0JTIxMmk3NjglMjE0ZjEzLjElMjEzbTMlMjExbTIlMjExczB4MTRjYWFmZmQ4ODI3MGU2OSUyNTNBMHhhYzM5YmUzM2QyN2I4MTRiJTIxMnNPeiUyNTIwTWFraW5lJTI1MjBMVEQlMjE1ZTAlMjEzbTIlMjExc3RyJTIxMnN0ciUyMTR2MTU4MzAwMzkyNzY1MSUyMTVtMiUyMTFzdHIlMjEyc3RyJTIyJTIwd2lkdGglM0QlMjI2MDAlMjIlMjBoZWlnaHQlM0QlMjI0NTAlMjIlMjBmcmFtZWJvcmRlciUzRCUyMjAlMjIlMjBzdHlsZSUzRCUyMmJvcmRlciUzQTAlM0IlMjIlMjBhbGxvd2Z1bGxzY3JlZW4lM0QlMjIlMjIlM0UlM0MlMkZpZnJhbWUlM0U=&#8220;][vc_empty_space height=&#8220;60px&#8220;][\/vc_column][\/vc_row]<\/p>\n<\/div>","protected":false},"excerpt":{"rendered":"<p>[vc_row css_animation=&#8220;&#8220; row_type=&#8220;row&#8220; use_row_as_full_screen_section=&#8220;no&#8220; type=&#8220;grid&#8220; angled_section=&#8220;no&#8220; text_align=&#8220;center&#8220; background_image_as_pattern=&#8220;without_pattern&#8220; z_index=&#8220;&#8220; css=&#8220;.vc_custom_1583003140609{padding-top: 100px !important;}&#8220;][vc_column][vc_column_text] \u00d6z Makine Ltd. \u015eti. &nbsp; Wenn Sie auf der Suche nach einer CNC-Dreherei sind, die Ihre Pr\u00e4zisionsteile nach Ihren Vorgaben herstellen und versprochene Liefertermine einhalten kann und zwar mit exzellenten Preisen, dann sind&#8230;<\/p>\n","protected":false},"author":2,"featured_media":0,"parent":0,"menu_order":0,"comment_status":"closed","ping_status":"closed","template":"full_width.php","meta":{"footnotes":""},"class_list":["post-569","page","type-page","status-publish","hentry"],"aioseo_notices":[],"_links":{"self":[{"href":"https:\/\/www.partsturned.com\/de\/wp-json\/wp\/v2\/pages\/569","targetHints":{"allow":["GET"]}}],"collection":[{"href":"https:\/\/www.partsturned.com\/de\/wp-json\/wp\/v2\/pages"}],"about":[{"href":"https:\/\/www.partsturned.com\/de\/wp-json\/wp\/v2\/types\/page"}],"author":[{"embeddable":true,"href":"https:\/\/www.partsturned.com\/de\/wp-json\/wp\/v2\/users\/2"}],"replies":[{"embeddable":true,"href":"https:\/\/www.partsturned.com\/de\/wp-json\/wp\/v2\/comments?post=569"}],"version-history":[{"count":14,"href":"https:\/\/www.partsturned.com\/de\/wp-json\/wp\/v2\/pages\/569\/revisions"}],"predecessor-version":[{"id":1025,"href":"https:\/\/www.partsturned.com\/de\/wp-json\/wp\/v2\/pages\/569\/revisions\/1025"}],"wp:attachment":[{"href":"https:\/\/www.partsturned.com\/de\/wp-json\/wp\/v2\/media?parent=569"}],"curies":[{"name":"wp","href":"https:\/\/api.w.org\/{rel}","templated":true}]}}